{"id":7,"date":"2018-08-16T01:42:55","date_gmt":"2018-08-16T01:42:55","guid":{"rendered":"http:\/\/www.charcoal-machines.com\/?page_id=7"},"modified":"2021-04-16T09:33:14","modified_gmt":"2021-04-16T01:33:14","slug":"about-us","status":"publish","type":"page","link":"https:\/\/www.charcoal-machines.com\/tr\/about-us","title":{"rendered":"Hakk\u0131m\u0131zda"},"content":{"rendered":"<p class=\"translation-block\"><strong>\u015eirketimizin Konumu<\/strong><\/p> <p>Zhengzhou Shuliy Makine Sanayi ve Ticaret A.\u015e., bilimsel ara\u015ft\u0131rma, geli\u015ftirme, tasar\u0131m, \u00fcretim ve sat\u0131\u015f\u0131n bir b\u00fct\u00fcn olarak entegre edildi\u011fi tan\u0131nm\u0131\u015f bir i\u015fletmedir. Zhengzhou Ekonomik ve Teknolojik Geli\u015fme B\u00f6lgesi'nde yer almaktad\u0131r; buras\u0131 ticaret ve ekonomik bir merkezdir ve esas olarak mekanik ekipmanlar\u0131n ithalat ve ihracat\u0131yla ilgilenmektedir. Burada, aile gibi \u00e7al\u0131\u015fman\u0131n mutlulu\u011fuyla motive olmu\u015f 300'den fazla \u00e7al\u0131\u015fan bulunmaktad\u0131r.<\/p> <div class=\"col-md-12\"><img decoding=\"async\" class=\"alignnone size-full wp-image-235\" src=\"http:\/\/www.charcoal-machines.com\/wp-content\/uploads\/2018\/08\/aboutus.jpg\" alt=\"hakk\u0131m\u0131zda\" width=\"100%\" srcset=\"https:\/\/www.charcoal-machines.com\/wp-content\/uploads\/2018\/08\/aboutus.jpg 1200w, https:\/\/www.charcoal-machines.com\/wp-content\/uploads\/2018\/08\/aboutus-300x125.jpg 300w, https:\/\/www.charcoal-machines.com\/wp-content\/uploads\/2018\/08\/aboutus-768x320.jpg 768w, https:\/\/www.charcoal-machines.com\/wp-content\/uploads\/2018\/08\/aboutus-1024x427.jpg 1024w\" sizes=\"(max-width: 1200px) 100vw, 1200px\" \/><\/div> <p class=\"translation-block\"><strong><b>Ana \u00dcr\u00fcnlerimiz ve Pazar\u0131m\u0131z<\/b><\/strong><\/p> <p>Ana \u00fcr\u00fcnlerimiz aras\u0131nda Ah\u015fap k\u0131r\u0131c\u0131, D\u00f6nel kurutucu, Hava ak\u0131\u015f\u0131 kurutucusu, Tala\u015f briket makinesi, S\u00fcrekli karbondioksit f\u0131r\u0131n\u0131, Karbonizasyon f\u0131r\u0131n\u0131, K\u00f6m\u00fcr ve odun k\u00f6m\u00fcr\u00fc ekstr\u00fcder makinesi, Tekerlekli \u00f6\u011f\u00fctme makinesi, Odun k\u00f6m\u00fcr\u00fc k\u0131r\u0131c\u0131 vb. Son y\u0131llarda, \u00fcr\u00fcnlerimiz Afrika ve G\u00fcneydo\u011fu Asya pazarlar\u0131nda, Nijerya, Kenya, G\u00fcney Afrika, Gana, Kongo, Etiyopya, Namibya, Fas, Botsvana, Zimbabve, Uganda, Cezayir, Kamerun gibi \u00fclkelerde b\u00fcy\u00fck pop\u00fclarite kazand\u0131.<\/p> <p class=\"translation-block\"><strong>Ar-Ge Yetene\u011fimiz<\/strong><\/p> <p>Her zaman teknolojinin birincil \u00fcretken g\u00fc\u00e7 oldu\u011funa kesin bir \u015fekilde inan\u0131yoruz. Bu anlay\u0131\u015fla hareket ederek, bir\u00e7ok \u00f6nde gelen mekanik uzman\u0131 dan\u0131\u015fman olarak i\u015fe almak i\u00e7in b\u00fcy\u00fck yat\u0131r\u0131mlar yapt\u0131k, bu sayede yeni \u00fcr\u00fcnler ara\u015ft\u0131rma ve geli\u015ftirme ile geleneksel makinelerin kalitesini art\u0131rma konusunda m\u00fckemmel bir yetene\u011fe sahibiz.<\/p> <p class=\"translation-block\"><strong>Kalite Kontrol\u00fcm\u00fcz ve Hizmetimiz<\/strong><\/p> <p>Her zaman m\u00fckemmeliyet i\u00e7in \u00e7aba g\u00f6steriyoruz. \u0130yi e\u011fitimli i\u015f g\u00fcc\u00fc, s\u0131k\u0131 kalite g\u00fcvence sistemi, t\u00fcm \u00fcretim s\u00fcrecinin optimize y\u00f6netimi ve m\u00fckemmel sat\u0131\u015f sonras\u0131 hizmet sistemleri sayesinde, \u00fcr\u00fcnlerimiz ve hizmetlerimiz hem yurti\u00e7indeki hem de yurtd\u0131\u015f\u0131ndaki m\u00fc\u015fteriler taraf\u0131ndan b\u00fcy\u00fck takdir g\u00f6r\u00fcyor. Kalite odakl\u0131, iyi bir \u00fcne sahip olma ve m\u00fc\u015fteri \u00f6nceli\u011fi prensibi temelinde, ilgili sekt\u00f6rlerde y\u00fcksek kaliteli \u00fcr\u00fcnler yaratma ve uzun y\u0131llar boyunca b\u00fcy\u00fck performans sergileme inanc\u0131n\u0131 ta\u015f\u0131yoruz. T\u00fcm m\u00fc\u015fterilere premium kalitede \u00fcr\u00fcnler ve tatmin edici hizmet sunmaya b\u00fcy\u00fck bir \u00f6zveriyle ba\u011fl\u0131y\u0131z ve onlarla parlak bir gelecek i\u00e7in samimi i\u015fbirli\u011fi yapmay\u0131 d\u00f6rt g\u00f6zle bekliyoruz. \u015eirketimiz, uygulamada yenilik yapmay\u0131 ve \u00fcretimden sat\u0131\u015fa kadar g\u00fcvenilir bir garanti sunmay\u0131 hedefliyor. Kalite beyan\u0131m\u0131z tek bir kelimeye indirgeniyor - taahh\u00fct - tar\u0131ma, \u00e7ift\u00e7ilere ve \u00fcr\u00fcn t\u00fcketicilerine, bunu her g\u00fcn yerine getirmek i\u00e7in \u00e7abal\u0131yoruz.<\/p> <p class=\"translation-block\"><strong>Afrika \u0130\u00e7in Hedeflerimiz<\/strong><\/p> <p>1949'da \u00c7in Halk Cumhuriyeti kuruldu\u011fundan beri, tar\u0131ma b\u00fcy\u00fck \u00f6nem verilmektedir. G\u00fcn\u00fcm\u00fczde \u00c7in, d\u00fcnyan\u0131n en b\u00fcy\u00fck tar\u0131m \u00fclkelerinden biri olmu\u015ftur. \u00c7in h\u00fck\u00fcmeti son y\u0131llarda \u00c7inli i\u015fletmeleri Afrika kalk\u0131nmas\u0131na yard\u0131mc\u0131 olmaya ve desteklemeye \u00e7a\u011f\u0131rmaktad\u0131r. \u00c7in'deki en profesyonel tar\u0131m tedarik\u00e7ilerinden biri olarak, firmam\u0131z 70 y\u0131ll\u0131k geli\u015fim s\u00fcresince tar\u0131m makineleri konusunda \u00e7ok fazla deneyim kazanm\u0131\u015f ve ileri teknolojiyi ustal\u0131kla kullanm\u0131\u015ft\u0131r. H\u00fck\u00fcmetin politikas\u0131na olumlu yan\u0131t veriyor, fuarlara kat\u0131l\u0131yor, Afrika pazar\u0131n\u0131 ara\u015ft\u0131r\u0131yor ve tar\u0131m makinelerimizi d\u00fc\u015f\u00fck fiyat ve y\u00fcksek kalite ile sunuyoruz. \u00c7ift\u00e7ilerin daha fazla tah\u0131l hasat etmelerine yard\u0131mc\u0131 olma ve G\u0131da ve Tar\u0131m sorununu \u00e7\u00f6zme konusundaki ilk hedefimizi koruyaca\u011f\u0131z. D\u00fcnyay\u0131 ve bar\u0131\u015f\u0131 seviyoruz ve Afrikal\u0131 dostlar\u0131m\u0131zla birlikte uyumlu \u00e7abalarla g\u00fczel ya\u015famlar yaratmay\u0131 hedefliyoruz.<\/p>","protected":false},"excerpt":{"rendered":"<p>\u015eirketimiz Lokasyonu Zhengzhou Shuliy Machinery Co., Ltd, bilimsel ara\u015ft\u0131rma, geli\u015ftirme, tasar\u0131m, \u00fcretim ve sat\u0131\u015f\u0131n bir b\u00fct\u00fcn olarak entegre edildi\u011fi tan\u0131nm\u0131\u015f bir i\u015fletmedir. Zhengzhou Ekonomik ve Teknolojik Geli\u015fim B\u00f6lgesi'nde yer almaktad\u0131r, buras\u0131 ticari ve ekonomik bir merkezdir ve esas olarak mekanik ekipmanlar\u0131n ithalat ve ihracat\u0131yla ilgilenmektedir. Burada g\u00fc\u00e7lendirilmi\u015ftir...<\/p>","protected":false},"author":1,"featured_media":0,"parent":0,"menu_order":0,"comment_status":"open","ping_status":"closed","template":"","meta":{"_kad_blocks_custom_css":"","_kad_blocks_head_custom_js":"","_kad_blocks_body_custom_js":"","_kad_blocks_footer_custom_js":"","_kadence_starter_templates_imported_post":false,"_kad_post_transparent":"","_kad_post_title":"","_kad_post_layout":"","_kad_post_sidebar_id":"","_kad_post_content_style":"","_kad_post_vertical_padding":"","_kad_post_feature":"","_kad_post_feature_position":"","_kad_post_header":false,"_kad_post_footer":false,"_kad_post_classname":"","footnotes":""},"class_list":["post-7","page","type-page","status-publish","hentry"],"taxonomy_info":[],"featured_image_src_large":false,"author_info":{"display_name":"Lolita","author_link":"https:\/\/www.charcoal-machines.com\/tr\/author\/admin"},"comment_info":0,"_links":{"self":[{"href":"https:\/\/www.charcoal-machines.com\/tr\/wp-json\/wp\/v2\/pages\/7","targetHints":{"allow":["GET"]}}],"collection":[{"href":"https:\/\/www.charcoal-machines.com\/tr\/wp-json\/wp\/v2\/pages"}],"about":[{"href":"https:\/\/www.charcoal-machines.com\/tr\/wp-json\/wp\/v2\/types\/page"}],"author":[{"embeddable":true,"href":"https:\/\/www.charcoal-machines.com\/tr\/wp-json\/wp\/v2\/users\/1"}],"replies":[{"embeddable":true,"href":"https:\/\/www.charcoal-machines.com\/tr\/wp-json\/wp\/v2\/comments?post=7"}],"version-history":[{"count":0,"href":"https:\/\/www.charcoal-machines.com\/tr\/wp-json\/wp\/v2\/pages\/7\/revisions"}],"wp:attachment":[{"href":"https:\/\/www.charcoal-machines.com\/tr\/wp-json\/wp\/v2\/media?parent=7"}],"curies":[{"name":"wp","href":"https:\/\/api.w.org\/{rel}","templated":true}]}}