{"id":49,"date":"2018-08-22T02:48:32","date_gmt":"2018-08-22T02:48:32","guid":{"rendered":"http:\/\/www.charcoal-machines.com\/?page_id=49"},"modified":"2022-12-07T10:55:22","modified_gmt":"2022-12-07T02:55:22","slug":"charcoal-briquette-production-line","status":"publish","type":"page","link":"https:\/\/www.charcoal-machines.com\/tr\/charcoal-briquette-production-line","title":{"rendered":"K\u00f6m\u00fcr briket \u00fcretim hatt\u0131"},"content":{"rendered":"<p class=\"translation-block\"><strong>K\u00f6m\u00fcr briket \u00fcretim hatt\u0131\/K\u00f6m\u00fcr topu briket \u00fcretim hatt\u0131\/Shisha briket \u00fcretim hatt\u0131<\/strong><\/p>    <figure class=\"wp-block-image\"><img decoding=\"async\" src=\"http:\/\/www.charcoal-machines.com\/wp-content\/uploads\/2018\/09\/Charcoal.jpg\" alt=\"\" class=\"wp-image-266\"><\/figure>    <div class=\"col-md-12\"><\/div>    <p class=\"translation-block\"><strong><b>Odun tala\u015f\u0131 k\u00f6m\u00fcr\u00fc yapma makinesi \u00e7al\u0131\u015fma ak\u0131\u015f\u0131:<\/b><\/strong><\/p>    <p class=\"translation-block\">S\u00fcrekli Karbonizasyon oca\u011f\u0131-Ezici-Konvey\u00f6r-K\u00f6m\u00fcr \u00f6\u011f\u00fctme ve kar\u0131\u015ft\u0131rma makinesi-Vida konvey\u00f6r\u00fc-<a href=\"https:\/\/www.charcoal-machines.com\/tr\/sawdust-charcoal-briquette-production-line\/\">K\u00f6m\u00fcr briket makinesi<\/a>-Bant konvey\u00f6r-Kurutma makinesi<\/p>    <ul class=\"wp-block-list\"> <li><strong><b>S\u00fcrekli karbonizasyon f\u0131r\u0131n\u0131<\/b><\/strong>-E\u011fer k\u00fc\u00e7\u00fck hammadde hindistancevizi kabuklar\u0131, tala\u015f, pirin\u00e7 kabu\u011fu, yer f\u0131st\u0131\u011f\u0131 kabu\u011fu, saman, a\u011fa\u00e7 kabu\u011fu, k\u00fc\u00e7\u00fck at\u0131k odun ve di\u011fer biyok\u00fctle i\u00e7eren hammaddeler ise, bu makineyi kullanarak \u00f6nce bunlar\u0131 k\u00f6m\u00fcre d\u00f6n\u00fc\u015ft\u00fcrebilirsiniz. Hammadde boyutu 15 mm'nin alt\u0131ndad\u0131r. Bu s\u00fcrekli karbonizasyon oca\u011f\u0131, duman \u00e7\u0131karmayan, \u00e7evre dostu, s\u00fcrekli ve b\u00fcy\u00fck kapasiteye sahip olup saatte yakla\u015f\u0131k 300-500 kg \u00fcretim yapabilir. Bu makine, bunun ilk ad\u0131m\u0131d\u0131r. <strong><b>K\u00f6m\u00fcr briket \u00fcretim hatt\u0131<\/b><\/strong><\/li>    <li>K\u0131r\u0131c\u0131 - bu makine k\u00f6m\u00fcr\u00fc k\u00fc\u00e7\u00fck boyut veya toz haline getirmek i\u00e7in kullan\u0131l\u0131r, k\u0131r\u0131ld\u0131ktan sonra bir vida konvey\u00f6r\u00fc ile donat\u0131labilir.<\/li>    <li><strong><b>Vida Konvey\u00f6r<\/b><\/strong>-konvey\u00f6r, k\u00f6m\u00fcr tozunu k\u00f6m\u00fcr \u00f6\u011f\u00fctme ve kar\u0131\u015ft\u0131rma makinesine ta\u015f\u0131yabilir, bu da \u00e7ok fazla i\u015f g\u00fcc\u00fcnden tasarruf sa\u011flar.<\/li>    <li><strong><b>K\u00f6m\u00fcr \u00f6\u011f\u00fctme ve kar\u0131\u015ft\u0131rma makinesi<\/b><\/strong>-k\u00f6m\u00fcr tozu \u00e7ok hafif, bu makine k\u00f6m\u00fcr tozunu y\u00fcksek yo\u011funlu\u011fa \u00f6\u011f\u00fctebilir ve kar\u0131\u015ft\u0131rma i\u015flevine sahiptir, ba\u011flay\u0131c\u0131y\u0131 k\u00f6m\u00fcrle kar\u0131\u015ft\u0131rabilir. Hammadde k\u00f6m\u00fcrse, bu makine gereklidir. <strong><b>k\u00f6m\u00fcr briket \u00fcretim hatt\u0131.<\/b><\/strong><\/li>    <li><strong><b>Vida konvey\u00f6r\u00fc<\/b><\/strong>-bu makine kar\u0131\u015ft\u0131r\u0131lm\u0131\u015f ham maddeleri bir briket makinesine ta\u015f\u0131mak i\u00e7indir.<\/li>    <li><strong><b>K\u00f6m\u00fcr briketi makinesi<\/b><\/strong>-bu makine k\u00f6m\u00fcr tozunu briket haline getirmek i\u00e7indir, briket \u015fekli k\u00f6m\u00fcr topu, k\u00f6m\u00fcr \u00e7ubu\u011fu, petek k\u00f6m\u00fcr, nargile k\u00f6m\u00fcr briketleri, k\u00f6m\u00fcr k\u00fcpleri olabilir.<\/li>    <li><strong><b>Bantl\u0131 konvey\u00f6r<\/b><\/strong>-bu makine k\u00f6m\u00fcr veya k\u00f6m\u00fcr briketlerini a\u011f bantl\u0131 kurutucuya ta\u015f\u0131mak i\u00e7indir.<\/li>    <li><strong><b>Kurutma makinesi<\/b><\/strong>-kurutma makinesi k\u00f6m\u00fcr briketlerini h\u0131zl\u0131 bir \u015fekilde kurutabilir, i\u00e7inde birka\u00e7 katmanl\u0131 bir a\u011f kay\u0131\u015f\u0131 kurutucusu bulunmaktad\u0131r, katman ve uzunlu\u011fu m\u00fc\u015fteri taleplerine g\u00f6re \u00f6zelle\u015ftirebiliriz. <strong><b>k\u00f6m\u00fcr briket \u00fcretim hatt\u0131<\/b><\/strong>, kurutma makinesi gereksizdir, m\u00fc\u015fteri briketleri g\u00fcne\u015f \u0131\u015f\u0131\u011f\u0131nda da kurutabilir.<\/li>    <li><\/li> <\/ul>   <div class=\"kk-star-ratings kksr-auto kksr-align-right kksr-valign-bottom\"     data-payload='{&quot;align&quot;:&quot;right&quot;,&quot;id&quot;:&quot;49&quot;,&quot;slug&quot;:&quot;default&quot;,&quot;valign&quot;:&quot;bottom&quot;,&quot;ignore&quot;:&quot;&quot;,&quot;reference&quot;:&quot;auto&quot;,&quot;class&quot;:&quot;&quot;,&quot;count&quot;:&quot;24&quot;,&quot;legendonly&quot;:&quot;&quot;,&quot;readonly&quot;:&quot;&quot;,&quot;score&quot;:&quot;5&quot;,&quot;starsonly&quot;:&quot;&quot;,&quot;best&quot;:&quot;5&quot;,&quot;gap&quot;:&quot;4&quot;,&quot;greet&quot;:&quot;Rate this page&quot;,&quot;legend&quot;:&quot;5\\\/5 - (24 votes)&quot;,&quot;size&quot;:&quot;24&quot;,&quot;title&quot;:&quot;Charcoal briquette production line&quot;,&quot;width&quot;:&quot;138&quot;,&quot;_legend&quot;:&quot;{score}\\\/{best} - ({count} {votes})&quot;,&quot;font_factor&quot;:&quot;1.25&quot;}'>              <div class=\"kksr-stars\">      <div class=\"kksr-stars-inactive\">             <div class=\"kksr-star\" data-star=\"1\" style=\"padding-right: 4px\">               <div class=\"kksr-icon\" style=\"width: 24px; height: 24px;\"><\/div>         <\/div>             <div class=\"kksr-star\" data-star=\"2\" style=\"padding-right: 4px\">               <div class=\"kksr-icon\" style=\"width: 24px; height: 24px;\"><\/div>         <\/div>             <div class=\"kksr-star\" data-star=\"3\" style=\"padding-right: 4px\">               <div class=\"kksr-icon\" style=\"width: 24px; height: 24px;\"><\/div>         <\/div>             <div class=\"kksr-star\" data-star=\"4\" style=\"padding-right: 4px\">               <div class=\"kksr-icon\" style=\"width: 24px; height: 24px;\"><\/div>         <\/div>             <div class=\"kksr-star\" data-star=\"5\" style=\"padding-right: 4px\">               <div class=\"kksr-icon\" style=\"width: 24px; height: 24px;\"><\/div>         <\/div>     <\/div>      <div class=\"kksr-stars-active\" style=\"width: 138px;\">             <div class=\"kksr-star\" style=\"padding-right: 4px\">               <div class=\"kksr-icon\" style=\"width: 24px; height: 24px;\"><\/div>         <\/div>             <div class=\"kksr-star\" style=\"padding-right: 4px\">               <div class=\"kksr-icon\" style=\"width: 24px; height: 24px;\"><\/div>         <\/div>             <div class=\"kksr-star\" style=\"padding-right: 4px\">               <div class=\"kksr-icon\" style=\"width: 24px; height: 24px;\"><\/div>         <\/div>             <div class=\"kksr-star\" style=\"padding-right: 4px\">               <div class=\"kksr-icon\" style=\"width: 24px; height: 24px;\"><\/div>         <\/div>             <div class=\"kksr-star\" style=\"padding-right: 4px\">               <div class=\"kksr-icon\" style=\"width: 24px; height: 24px;\"><\/div>         <\/div>     <\/div> <\/div>                   <div class=\"kksr-legend\" style=\"font-size: 19.2px;\">             5\/5 - (24 oy)    <\/div>     <\/div>","protected":false},"excerpt":{"rendered":"<p>Odun k\u00f6m\u00fcr\u00fc briket \u00fcretim hatt\u0131\/K\u00f6m\u00fcr topu briket \u00fcretim hatt\u0131\/Nargile briket \u00fcretim hatt\u0131 Tala\u015f k\u00f6m\u00fcr\u00fc yapma makinesi \u00e7al\u0131\u015fma ak\u0131\u015f\u0131: S\u00fcrekli karbonizasyon f\u0131r\u0131n\u0131-K\u0131r\u0131c\u0131-Konvey\u00f6r-K\u00f6m\u00fcr \u00f6\u011f\u00fctme ve kar\u0131\u015ft\u0131rma makinesi-Vidal\u0131 konvey\u00f6r-K\u00f6m\u00fcr briket makinesi-Kay\u0131\u015f konvey\u00f6r-Kurutma makinesi<\/p>","protected":false},"author":1,"featured_media":0,"parent":0,"menu_order":0,"comment_status":"open","ping_status":"open","template":"","meta":{"_kad_blocks_custom_css":"","_kad_blocks_head_custom_js":"","_kad_blocks_body_custom_js":"","_kad_blocks_footer_custom_js":"","_kadence_starter_templates_imported_post":false,"_kad_post_transparent":"","_kad_post_title":"","_kad_post_layout":"","_kad_post_sidebar_id":"","_kad_post_content_style":"","_kad_post_vertical_padding":"","_kad_post_feature":"","_kad_post_feature_position":"","_kad_post_header":false,"_kad_post_footer":false,"_kad_post_classname":"","footnotes":""},"class_list":["post-49","page","type-page","status-publish","hentry"],"taxonomy_info":[],"featured_image_src_large":false,"author_info":{"display_name":"Lolita","author_link":"https:\/\/www.charcoal-machines.com\/tr\/author\/admin"},"comment_info":6,"_links":{"self":[{"href":"https:\/\/www.charcoal-machines.com\/tr\/wp-json\/wp\/v2\/pages\/49","targetHints":{"allow":["GET"]}}],"collection":[{"href":"https:\/\/www.charcoal-machines.com\/tr\/wp-json\/wp\/v2\/pages"}],"about":[{"href":"https:\/\/www.charcoal-machines.com\/tr\/wp-json\/wp\/v2\/types\/page"}],"author":[{"embeddable":true,"href":"https:\/\/www.charcoal-machines.com\/tr\/wp-json\/wp\/v2\/users\/1"}],"replies":[{"embeddable":true,"href":"https:\/\/www.charcoal-machines.com\/tr\/wp-json\/wp\/v2\/comments?post=49"}],"version-history":[{"count":0,"href":"https:\/\/www.charcoal-machines.com\/tr\/wp-json\/wp\/v2\/pages\/49\/revisions"}],"wp:attachment":[{"href":"https:\/\/www.charcoal-machines.com\/tr\/wp-json\/wp\/v2\/media?parent=49"}],"curies":[{"name":"wp","href":"https:\/\/api.w.org\/{rel}","templated":true}]}}