{"id":47,"date":"2018-08-22T02:47:46","date_gmt":"2018-08-22T02:47:46","guid":{"rendered":"http:\/\/www.charcoal-machines.com\/?page_id=47"},"modified":"2024-09-19T16:39:38","modified_gmt":"2024-09-19T08:39:38","slug":"sawdust-charcoal-briquette-production-line","status":"publish","type":"page","link":"https:\/\/www.charcoal-machines.com\/tr\/sawdust-charcoal-briquette-production-line","title":{"rendered":"Tala\u015f k\u00f6m\u00fcr briket \u00fcretim hatt\u0131"},"content":{"rendered":"<p class=\"translation-block\"><strong>K\u00f6m\u00fcr briket \u00fcretim hatt\u0131\/K\u00f6m\u00fcr briket yapma makinesi\/k\u00f6m\u00fcr \u00fcretim hatt\u0131<\/strong><\/p> <div class=\"col-md-12\"><img decoding=\"async\" class=\"alignnone size-full wp-image-267\" src=\"http:\/\/www.charcoal-machines.com\/wp-content\/uploads\/2018\/08\/Charcoal-briquette-production-line1.jpg\" alt=\"K\u00f6m\u00fcr briket \u00fcretim hatt\u0131\" width=\"100%\" srcset=\"https:\/\/www.charcoal-machines.com\/wp-content\/uploads\/2018\/08\/Charcoal-briquette-production-line1.jpg 1200w, https:\/\/www.charcoal-machines.com\/wp-content\/uploads\/2018\/08\/Charcoal-briquette-production-line1-300x130.jpg 300w, https:\/\/www.charcoal-machines.com\/wp-content\/uploads\/2018\/08\/Charcoal-briquette-production-line1-768x332.jpg 768w, https:\/\/www.charcoal-machines.com\/wp-content\/uploads\/2018\/08\/Charcoal-briquette-production-line1-1024x443.jpg 1024w\" sizes=\"(max-width: 1200px) 100vw, 1200px\" \/><\/div> <p class=\"translation-block\"><strong><b>\u00c7al\u0131\u015fma ak\u0131\u015f\u0131:<\/b><\/strong><br \/> odun par\u00e7alay\u0131c\u0131-konvey\u00f6r-kurutucu makine-konvey\u00f6r-otomatik tala\u015f besleme makinesi-k\u00f6m\u00fcr briket makinesi-\u0131zgara konvey\u00f6r-karbonizasyon f\u0131r\u0131n\u0131<\/p> <p class=\"translation-block\"><strong><b>A\u00e7\u0131klama:<\/b><\/strong><\/p> <p class=\"translation-block\"><strong><b>\u00a0 \u00a0 <a href=\"http:\/\/www.charcoal-machines.com\/tr\/wood-crusher.html\">\u00a0odun par\u00e7alay\u0131c\u0131<\/a>:<\/b><\/strong><\/p> <p class=\"translation-block\">Par\u00e7alay\u0131c\u0131, ham odunu 200 mm'den (\u00e7ap) daha k\u00fc\u00e7\u00fck boyutlarda par\u00e7alamak i\u00e7in uygundur. \u00d6\u011f\u00fct\u00fcld\u00fckten sonra, \u00e7\u0131kt\u0131 boyutu 3-5 mm \u00e7apa ula\u015fabilir, bu da daha fazla i\u015flem i\u00e7in uygundur, \u00f6zellikle <strong><b>Tala\u015f<\/b><\/strong>\u00a0<strong><b>k\u00f6m\u00fcr briket \u00fcretim hatt\u0131<\/b><\/strong>\u00a0i\u00e7in uygundur.<\/p> <ul> <li><b><\/b><strong><b>Vida konvey\u00f6r\u00fc<\/b><\/strong>Tozun kurutucuya aktar\u0131lmas\u0131 i\u00e7in kullan\u0131l\u0131r. Bu makine yerine insan g\u00fcc\u00fc de kullanabilirsiniz.<\/li> <li><b><\/b><strong><b>A\u011fa\u00e7 tala\u015f\u0131 kurutucu:<\/b><\/strong>E\u011fer tozun nemi 'den fazlaysa, bu makineyi kullanabilirsiniz. Bu makine, iyi \u00e7al\u0131\u015fmas\u0131 i\u00e7in tozu %8-'ye kurutmak i\u00e7in kullan\u0131l\u0131r. <strong><b>a\u011fa\u00e7 tala\u015f\u0131 k\u00f6m\u00fcr briket makinesi.<\/b><\/strong><\/li> <li><b><\/b><strong><b>Otomatik besleme makinesi ve briket makinesi:<\/b><\/strong>Tozun da\u011f\u0131t\u0131m\u0131n\u0131 yapmak ve tozu briket haline getirmek i\u00e7in kullan\u0131l\u0131r. Tozun nemi iyi \u00e7al\u0131\u015fmas\u0131 i\u00e7in %8-12 aras\u0131nda olmal\u0131d\u0131r. Bu makine \u015funlar\u0131 yapabilir: <strong><b>ah\u015fap tala\u015f\u0131 k\u00f6m\u00fcr briket \u00fcretim hatt\u0131<\/b><\/strong><b><\/b>daha otomatik ve y\u00fcksek verimlilik.<\/li> <li><b><\/b><strong><b>A\u011f bantl\u0131 konvey\u00f6r:<\/b><\/strong>Bu makine tala\u015f briketleri i\u00e7indir, briketler makineden \u00e7\u0131kt\u0131ktan sonra s\u0131cakt\u0131r, so\u011futma ve ta\u015f\u0131ma i\u00e7in bir konvey\u00f6r kullanmak daha iyidir. Tala\u015f briketleri makineden \u00e7\u0131kt\u0131ktan sonra \u00e7ok s\u0131cakt\u0131r. <strong><b>ah\u015fap tala\u015f\u0131 k\u00f6m\u00fcr briket makinesi<\/b><\/strong>,bu makine insan\u0131n yanmas\u0131n\u0131 \u00f6nleyebilir.<\/li> <div class=\"video-responsive\"><iframe loading=\"lazy\" width=\"560\" height=\"315\" src=\"https:\/\/www.youtube.com\/embed\/xhR8-BHiw-Q\" frameborder=\"0\" allow=\"accelerometer; autoplay; encrypted-media; gyroscope; picture-in-picture\" allowfullscreen=\"\"><\/iframe><\/div> <li><b><\/b><strong><b><a href=\"http:\/\/www.charcoal-machines.com\/tr\/continuous-carbonization-furnace.html\">Karbonizasyon oca\u011f\u0131<\/a>:<\/b><\/strong>Is\u0131tma odas\u0131n\u0131 (ocak i\u00e7in \u0131s\u0131tma), ocak g\u00f6vdesini ve \u0131s\u0131y\u0131 koruma katman\u0131n\u0131 i\u00e7erir (\u0131s\u0131y\u0131 korumak i\u00e7in kullan\u0131lan \u0131s\u0131 yal\u0131t\u0131m malzemesinden yap\u0131lm\u0131\u015ft\u0131r). Ocak tank g\u00f6vdesi ve kapal\u0131 \u00fcst kapaktan olu\u015fur. Her ikisi de \u0131s\u0131ya dayan\u0131kl\u0131 termal \u00e7elikten yap\u0131lm\u0131\u015ft\u0131r. Bir d\u0131\u015f ocak seti, iki veya \u00fc\u00e7 karbonizasyon sepeti i\u00e7erir ve \u00e7aplar\u0131 1550 mm, 1460 mm ve 1430 mm'dir. \u00dc\u00e7 karbonizasyon sepeti \u00fcst \u00fcste konulabilir, y\u00fckleme ve ta\u015f\u0131ma i\u00e7in kolayd\u0131r ve bu, \u00e7ok fazla alan ve ta\u015f\u0131ma \u00fccreti tasarrufu sa\u011flar.<\/li> <\/ul>","protected":false},"excerpt":{"rendered":"<p>K\u00f6m\u00fcr briketi \u00fcretim hatt\u0131\/K\u00f6m\u00fcr briketi yapma makinesi\/k\u00f6m\u00fcr \u00fcretim hatt\u0131 \u00c7al\u0131\u015fma ak\u0131\u015f\u0131: odun k\u0131r\u0131c\u0131-konvey\u00f6r-kurutma makinesi-konvey\u00f6r-otomatik odun tala\u015f\u0131 besleme makinesi-k\u00f6m\u00fcr briketi makinesi-\u0131zgara konvey\u00f6r-karbonizasyon f\u0131r\u0131n\u0131 A\u00e7\u0131klama:      odun k\u0131r\u0131c\u0131: K\u0131r\u0131c\u0131, \u00e7ap\u0131 200mm'den k\u00fc\u00e7\u00fck hammadde odunlar\u0131 ezmek i\u00e7in uygundur. \u00d6\u011f\u00fct\u00fcld\u00fckten sonra, \u00e7\u0131k\u0131\u015f boyutu 3-5mm \u00e7apa ula\u015fabilir, bu da daha fazla i\u015fleme i\u00e7in uygundur, daha fazla\u2026<\/p>","protected":false},"author":1,"featured_media":0,"parent":0,"menu_order":0,"comment_status":"open","ping_status":"closed","template":"","meta":{"_kad_blocks_custom_css":"","_kad_blocks_head_custom_js":"","_kad_blocks_body_custom_js":"","_kad_blocks_footer_custom_js":"","_kadence_starter_templates_imported_post":false,"_kad_post_transparent":"","_kad_post_title":"","_kad_post_layout":"","_kad_post_sidebar_id":"","_kad_post_content_style":"","_kad_post_vertical_padding":"","_kad_post_feature":"","_kad_post_feature_position":"","_kad_post_header":false,"_kad_post_footer":false,"_kad_post_classname":"","footnotes":""},"class_list":["post-47","page","type-page","status-publish","hentry"],"taxonomy_info":[],"featured_image_src_large":false,"author_info":{"display_name":"Lolita","author_link":"https:\/\/www.charcoal-machines.com\/tr\/author\/admin"},"comment_info":3,"_links":{"self":[{"href":"https:\/\/www.charcoal-machines.com\/tr\/wp-json\/wp\/v2\/pages\/47","targetHints":{"allow":["GET"]}}],"collection":[{"href":"https:\/\/www.charcoal-machines.com\/tr\/wp-json\/wp\/v2\/pages"}],"about":[{"href":"https:\/\/www.charcoal-machines.com\/tr\/wp-json\/wp\/v2\/types\/page"}],"author":[{"embeddable":true,"href":"https:\/\/www.charcoal-machines.com\/tr\/wp-json\/wp\/v2\/users\/1"}],"replies":[{"embeddable":true,"href":"https:\/\/www.charcoal-machines.com\/tr\/wp-json\/wp\/v2\/comments?post=47"}],"version-history":[{"count":0,"href":"https:\/\/www.charcoal-machines.com\/tr\/wp-json\/wp\/v2\/pages\/47\/revisions"}],"wp:attachment":[{"href":"https:\/\/www.charcoal-machines.com\/tr\/wp-json\/wp\/v2\/media?parent=47"}],"curies":[{"name":"wp","href":"https:\/\/api.w.org\/{rel}","templated":true}]}}