{"id":7,"date":"2018-08-16T01:42:55","date_gmt":"2018-08-16T01:42:55","guid":{"rendered":"http:\/\/www.charcoal-machines.com\/?page_id=7"},"modified":"2021-04-16T09:33:14","modified_gmt":"2021-04-16T01:33:14","slug":"about-us","status":"publish","type":"page","link":"https:\/\/www.charcoal-machines.com\/sw\/about-us","title":{"rendered":"Om Oss"},"content":{"rendered":"<p class=\"translation-block\"><strong>Our Company Location<\/strong><\/p> <p>Zhengzhou Shuliy Machinery Co., Ltd ni kampuni maarufu inayounganisha utafiti wa kisayansi, maendeleo, kubuni, utengenezaji na mauzo kama jumla. Iko katika Eneo la Maendeleo ya Kiuchumi na Kiteknolojia la Zhengzhou, ambalo ni kituo cha biashara na uchumi, ikihusika hasa na uagizaji na usafirishaji wa vifaa vya mitambo. Hapa kuna wafanyakazi zaidi ya 300 wote wakiwa na motisha ya furaha ya kufanya kazi kama familia.<\/p> <div class=\"col-md-12\"><img decoding=\"async\" class=\"alignnone size-full wp-image-235\" src=\"http:\/\/www.charcoal-machines.com\/wp-content\/uploads\/2018\/08\/aboutus.jpg\" alt=\"om oss\" width=\"100%\" srcset=\"https:\/\/www.charcoal-machines.com\/wp-content\/uploads\/2018\/08\/aboutus.jpg 1200w, https:\/\/www.charcoal-machines.com\/wp-content\/uploads\/2018\/08\/aboutus-300x125.jpg 300w, https:\/\/www.charcoal-machines.com\/wp-content\/uploads\/2018\/08\/aboutus-768x320.jpg 768w, https:\/\/www.charcoal-machines.com\/wp-content\/uploads\/2018\/08\/aboutus-1024x427.jpg 1024w\" sizes=\"(max-width: 1200px) 100vw, 1200px\" \/><\/div> <p class=\"translation-block\"><strong><b>Our Main Products and Market<\/b><\/strong><\/p> <p>Bidhaa zetu kuu ni pamoja na crusher ya mbao, dryer ya rotary, dryer ya hewa, mashine ya briquette ya sawdust, tanuru ya kaboni isiyosimama, tanuru ya kaboni, mashine ya extruder ya makaa na mkaa, mashine ya kusaga magurudumu, crusher ya mkaa, n.k. Katika miaka ya hivi karibuni, bidhaa zetu zimefurahia umaarufu mkubwa katika soko la Afrika na Asia ya Kusini Mashariki, kama vile Nigeria, Kenya, Afrika Kusini, Ghana, Congo, Ethiopia, Namibia, Morocco, Botswana, Zimbabwe, Uganda, Algeria, Cameroon.<\/p> <p class=\"translation-block\"><strong>Our R&amp;D Ability<\/strong><\/p> <p>Sisi daima tunaamini kwa nguvu kwamba teknolojia ndiyo nguvu ya uzalishaji inayotawala. Imeongozwa na dhana kama hiyo, tumefanya uwekezaji mkubwa katika kuajiri wataalamu wengi bora wa mitambo kama washauri wetu, hivyo tuna uwezo mzuri wa kufanya utafiti na kuendeleza bidhaa mpya na kuboresha ubora wa mashine za jadi.<\/p> <p class=\"translation-block\"><strong>Our QC and Service<\/strong><\/p> <p>Sisi daima tunajitahidi kufikia ubora. Shukrani kwa wafanyakazi waliofunzwa vizuri, mfumo mkali wa uhakikisho wa ubora, usimamizi ulioimarishwa wa mchakato mzima wa uzalishaji na mifumo bora ya huduma baada ya mauzo, bidhaa zetu na huduma zinapigiwa debe sana na wateja wa ndani na nje ya nchi. Kulingana na kanuni ya ubora, sifa nzuri na mteja kwanza, tunaamini kuunda bidhaa za ubora wa juu katika sekta husika na kufanya utendaji bora kwa vizazi. Tumejitolea sana kutoa bidhaa za ubora wa juu na huduma inayoridhisha kwa wateja wote na tunatarajia ushirikiano wa dhati nao kwa ajili ya siku zijazo za mwangaza. Kampuni yetu inalenga kubuni katika mazoezi na kutoa dhamana ya kuaminika kutoka uzalishaji hadi mauzo. Tamko letu la ubora linashuka hadi neno moja - ahadi - kwa kilimo, wakulima, na watumiaji wa bidhaa, ambayo tunajitahidi kutimiza kila siku.<\/p> <p class=\"translation-block\"><strong>Our Aims for Africa<\/strong><\/p> <p>Sedan Folkrepubliken Kina grundades 1949, har den alltid lagt stor vikt vid jordbruket. Numera har Kina blivit ett av de st\u00f6rsta jordbrukslanden i v\u00e4rlden. Den kinesiska regeringen uppmanar kinesiska f\u00f6retag att bist\u00e5 och st\u00f6dja afrikansk utveckling under de senaste \u00e5ren. Som en av de mest professionella jordbruksleverant\u00f6rerna i Kina har v\u00e5rt f\u00f6retag f\u00e5tt mycket erfarenhet av jordbruksmaskiner och beh\u00e4rskar avancerad teknik under utvecklingen i 70 \u00e5r. Vi svarar positivt p\u00e5 regeringens politik och deltar i utst\u00e4llningar, unders\u00f6ker den afrikanska marknaden och erbjuder v\u00e5ra jordbruksmaskiner till l\u00e5gt pris och h\u00f6g kvalitet. Vi kommer att f\u00f6rbli v\u00e5r f\u00f6rsta str\u00e4van att hj\u00e4lpa b\u00f6nder att sk\u00f6rda mer spannm\u00e5l och l\u00f6sa livsmedels- och jordbruksproblemet. Vi \u00e4lskar v\u00e4rlden och fred och str\u00e4var efter att f\u00f6rena oss i gemensamma anstr\u00e4ngningar med afrikanska v\u00e4nner f\u00f6r att skapa vackra liv.<\/p>","protected":false},"excerpt":{"rendered":"<p>V\u00e5r f\u00f6retagsplats Zhengzhou Shuliy Machinery Co., Ltd \u00e4r ett v\u00e4lk\u00e4nt f\u00f6retag som integrerar vetenskaplig forskning, utveckling, design, tillverkning och f\u00f6rs\u00e4ljning som en helhet. Det ligger i Zhengzhou ekonomiska och teknologiska utvecklingszon, som \u00e4r ett kommersiellt och ekonomiskt centrum, fr\u00e4mst engagerat i import och export av mekanisk utrustning. H\u00e4r \u00e4r bemyndigad med\u2026<\/p>","protected":false},"author":1,"featured_media":0,"parent":0,"menu_order":0,"comment_status":"open","ping_status":"closed","template":"","meta":{"_kad_blocks_custom_css":"","_kad_blocks_head_custom_js":"","_kad_blocks_body_custom_js":"","_kad_blocks_footer_custom_js":"","_kadence_starter_templates_imported_post":false,"_kad_post_transparent":"","_kad_post_title":"","_kad_post_layout":"","_kad_post_sidebar_id":"","_kad_post_content_style":"","_kad_post_vertical_padding":"","_kad_post_feature":"","_kad_post_feature_position":"","_kad_post_header":false,"_kad_post_footer":false,"_kad_post_classname":"","footnotes":""},"class_list":["post-7","page","type-page","status-publish","hentry"],"taxonomy_info":[],"featured_image_src_large":false,"author_info":{"display_name":"Lolita","author_link":"https:\/\/www.charcoal-machines.com\/sw\/author\/admin"},"comment_info":0,"_links":{"self":[{"href":"https:\/\/www.charcoal-machines.com\/sw\/wp-json\/wp\/v2\/pages\/7","targetHints":{"allow":["GET"]}}],"collection":[{"href":"https:\/\/www.charcoal-machines.com\/sw\/wp-json\/wp\/v2\/pages"}],"about":[{"href":"https:\/\/www.charcoal-machines.com\/sw\/wp-json\/wp\/v2\/types\/page"}],"author":[{"embeddable":true,"href":"https:\/\/www.charcoal-machines.com\/sw\/wp-json\/wp\/v2\/users\/1"}],"replies":[{"embeddable":true,"href":"https:\/\/www.charcoal-machines.com\/sw\/wp-json\/wp\/v2\/comments?post=7"}],"version-history":[{"count":0,"href":"https:\/\/www.charcoal-machines.com\/sw\/wp-json\/wp\/v2\/pages\/7\/revisions"}],"wp:attachment":[{"href":"https:\/\/www.charcoal-machines.com\/sw\/wp-json\/wp\/v2\/media?parent=7"}],"curies":[{"name":"wp","href":"https:\/\/api.w.org\/{rel}","templated":true}]}}