{"id":49,"date":"2018-08-22T02:48:32","date_gmt":"2018-08-22T02:48:32","guid":{"rendered":"http:\/\/www.charcoal-machines.com\/?page_id=49"},"modified":"2022-12-07T10:55:22","modified_gmt":"2022-12-07T02:55:22","slug":"charcoal-briquette-production-line","status":"publish","type":"page","link":"https:\/\/www.charcoal-machines.com\/sw\/charcoal-briquette-production-line","title":{"rendered":"Mstari wa uzalishaji wa karamu ya mkaa"},"content":{"rendered":"<p class=\"translation-block\"><strong>Mstari wa uzalishaji wa makaa ya mawe\/Mstari wa uzalishaji wa makaa ya mawe\/Mstari wa uzalishaji wa makaa ya mawe ya shisha<\/strong><\/p>    <figure class=\"wp-block-image\"><img decoding=\"async\" src=\"http:\/\/www.charcoal-machines.com\/wp-content\/uploads\/2018\/09\/Charcoal.jpg\" alt=\"\" class=\"wp-image-266\"><\/figure>    <div class=\"col-md-12\"><\/div>    <p class=\"translation-block\"><strong><b>Mtiririko wa kazi wa mashine ya kutengeneza makaa ya mawe kutoka kwa mbao:<\/b><\/strong><\/p>    <p class=\"translation-block\">Tanuru la kuendelea kuungua - Kiunzi - Kipitisha - Mashine ya kusaga na kuchanganya makaa ya mawe - Kipitisha skrubu - <a href=\"https:\/\/www.charcoal-machines.com\/sw\/sawdust-charcoal-briquette-production-line\/\">Mashine ya makaa ya mawe<\/a> - Kipitisha mkanda - Mashine ya kukausha<\/p>    <ul class=\"wp-block-list\"> <li><strong><b>Kontinuerlig kolsyref\u00f6rbr\u00e4nnare<\/b><\/strong>-om ny raw material som \u00e4r kokosn\u00f6tsskal, s\u00e5gsp\u00e5n, rispuffar, jordn\u00f6tsskal, halm, tr\u00e4dskinn, sm\u00e5 avfallstr\u00e4 och andra r\u00e5material med biomassa kan anv\u00e4nda denna maskin f\u00f6r att f\u00f6rst g\u00f6ra dem till kol. R\u00e5materialets storlek \u00e4r under 15 mm. Denna kontinuerliga kolsyref\u00f6rbr\u00e4nningsugn \u00e4r r\u00f6kfri, milj\u00f6v\u00e4nlig, kontinuerlig och har ocks\u00e5 stor kapacitet och kan producera cirka 300-500 kg\/h. Denna maskin \u00e4r det f\u00f6rsta steget av <strong><b>Mstari wa uzalishaji wa karamu ya mkaa<\/b><\/strong><\/li>    <li>Kivunja - mashine hii ni ya kusaga makaa ya mawe kuwa saizi ndogo au unga, inaweza kuunganishwa na kichocheo cha screw baada ya kusagwa.<\/li>    <li><strong><b>Screw Conveyor<\/b><\/strong>-kichocheo kinaweza kubeba unga wa makaa ya mawe kwenye mashine ya kusaga na kuchanganya makaa ya mawe, inaweza kuokoa nguvu nyingi za kazi.<\/li>    <li><strong><b>Kolkvarn och blandningsmaskin<\/b><\/strong>-poda ya mkaa ni nyepesi sana, mashine hii inaweza kusaga poda ya mkaa kuwa na wiani mkubwa, na ina kazi ya kuchanganya, inaweza kuchanganya binder na mkaa. ikiwa malighafi ni mkaa, mashine hii ni mashine muhimu ya <strong><b>linja ya uzalishaji wa briquette za makaa ya mawe.<\/b><\/strong><\/li>    <li><strong><b>Kondakta wa screw<\/b><\/strong>-mashine hii ni ya kubeba malighafi iliyochanganywa kwenye mashine ya briquette.<\/li>    <li><strong><b>Maskin f\u00f6r kolbriketter<\/b><\/strong>-hii mashine inatumika kutengeneza unga wa makaa kuwa briquette, umbo la briquette linaweza kuwa mpira wa makaa, bar ya makaa, mchanganyiko wa makaa, briquette za shisha, au cubes za makaa.<\/li>    <li><strong><b>Mkononi wa ukanda<\/b><\/strong>-mashine hii ni ya kubeba briquette za makaa ya mawe au makaa ya mawe kwenye dryer ya mesh belt.<\/li>    <li><strong><b>Torkmaskin<\/b><\/strong>-kikundi cha kuosha kinaweza kukausha makaa ya mawe haraka, ndani kuna safu kadhaa za mashine ya kuosha, tunaweza kubinafsisha safu na urefu kama mteja anavyohitaji. Katika <strong><b>kolbrikettproduktionslinjen<\/b><\/strong>, mashine ya kuoka si ya lazima, mteja pia anaweza kukaanga briquette hizo kwenye mwangaza wa jua.<\/li>    <li><\/li> <\/ul>   <div class=\"kk-star-ratings kksr-auto kksr-align-right kksr-valign-bottom\"     data-payload='{&quot;align&quot;:&quot;right&quot;,&quot;id&quot;:&quot;49&quot;,&quot;slug&quot;:&quot;default&quot;,&quot;valign&quot;:&quot;bottom&quot;,&quot;ignore&quot;:&quot;&quot;,&quot;reference&quot;:&quot;auto&quot;,&quot;class&quot;:&quot;&quot;,&quot;count&quot;:&quot;24&quot;,&quot;legendonly&quot;:&quot;&quot;,&quot;readonly&quot;:&quot;&quot;,&quot;score&quot;:&quot;5&quot;,&quot;starsonly&quot;:&quot;&quot;,&quot;best&quot;:&quot;5&quot;,&quot;gap&quot;:&quot;4&quot;,&quot;greet&quot;:&quot;Rate this page&quot;,&quot;legend&quot;:&quot;5\\\/5 - (24 votes)&quot;,&quot;size&quot;:&quot;24&quot;,&quot;title&quot;:&quot;Charcoal briquette production line&quot;,&quot;width&quot;:&quot;138&quot;,&quot;_legend&quot;:&quot;{score}\\\/{best} - ({count} {votes})&quot;,&quot;font_factor&quot;:&quot;1.25&quot;}'>              <div class=\"kksr-stars\">      <div class=\"kksr-stars-inactive\">             <div class=\"kksr-star\" data-star=\"1\" style=\"padding-right: 4px\">               <div class=\"kksr-icon\" style=\"width: 24px; height: 24px;\"><\/div>         <\/div>             <div class=\"kksr-star\" data-star=\"2\" style=\"padding-right: 4px\">               <div class=\"kksr-icon\" style=\"width: 24px; height: 24px;\"><\/div>         <\/div>             <div class=\"kksr-star\" data-star=\"3\" style=\"padding-right: 4px\">               <div class=\"kksr-icon\" style=\"width: 24px; height: 24px;\"><\/div>         <\/div>             <div class=\"kksr-star\" data-star=\"4\" style=\"padding-right: 4px\">               <div class=\"kksr-icon\" style=\"width: 24px; height: 24px;\"><\/div>         <\/div>             <div class=\"kksr-star\" data-star=\"5\" style=\"padding-right: 4px\">               <div class=\"kksr-icon\" style=\"width: 24px; height: 24px;\"><\/div>         <\/div>     <\/div>      <div class=\"kksr-stars-active\" style=\"width: 138px;\">             <div class=\"kksr-star\" style=\"padding-right: 4px\">               <div class=\"kksr-icon\" style=\"width: 24px; height: 24px;\"><\/div>         <\/div>             <div class=\"kksr-star\" style=\"padding-right: 4px\">               <div class=\"kksr-icon\" style=\"width: 24px; height: 24px;\"><\/div>         <\/div>             <div class=\"kksr-star\" style=\"padding-right: 4px\">               <div class=\"kksr-icon\" style=\"width: 24px; height: 24px;\"><\/div>         <\/div>             <div class=\"kksr-star\" style=\"padding-right: 4px\">               <div class=\"kksr-icon\" style=\"width: 24px; height: 24px;\"><\/div>         <\/div>             <div class=\"kksr-star\" style=\"padding-right: 4px\">               <div class=\"kksr-icon\" style=\"width: 24px; height: 24px;\"><\/div>         <\/div>     <\/div> <\/div>                   <div class=\"kksr-legend\" style=\"font-size: 19.2px;\">             5\/5 - (24 r\u00f6ster)    <\/div>     <\/div>","protected":false},"excerpt":{"rendered":"<p>Laini ya uzalishaji wa briquette za makaa ya mawe \/ Laini ya uzalishaji wa briquette za mipira ya makaa ya mawe \/ Laini ya uzalishaji wa briquette za shisha Mashine ya kutengeneza makaa ya mawe ya sawdust inafanya kazi kama ifuatavyo: Tanuru ya kaboni isiyo na mwisho - Kivunja - Kichocheo - Mashine ya kusaga na kuchanganya makaa ya mawe - Kichocheo cha screw - Mashine ya briquette za makaa ya mawe - Kichocheo cha ukanda - Mashine ya kukausha.<\/p>","protected":false},"author":1,"featured_media":0,"parent":0,"menu_order":0,"comment_status":"open","ping_status":"open","template":"","meta":{"_kad_blocks_custom_css":"","_kad_blocks_head_custom_js":"","_kad_blocks_body_custom_js":"","_kad_blocks_footer_custom_js":"","_kadence_starter_templates_imported_post":false,"_kad_post_transparent":"","_kad_post_title":"","_kad_post_layout":"","_kad_post_sidebar_id":"","_kad_post_content_style":"","_kad_post_vertical_padding":"","_kad_post_feature":"","_kad_post_feature_position":"","_kad_post_header":false,"_kad_post_footer":false,"_kad_post_classname":"","footnotes":""},"class_list":["post-49","page","type-page","status-publish","hentry"],"taxonomy_info":[],"featured_image_src_large":false,"author_info":{"display_name":"Lolita","author_link":"https:\/\/www.charcoal-machines.com\/sw\/author\/admin"},"comment_info":6,"_links":{"self":[{"href":"https:\/\/www.charcoal-machines.com\/sw\/wp-json\/wp\/v2\/pages\/49","targetHints":{"allow":["GET"]}}],"collection":[{"href":"https:\/\/www.charcoal-machines.com\/sw\/wp-json\/wp\/v2\/pages"}],"about":[{"href":"https:\/\/www.charcoal-machines.com\/sw\/wp-json\/wp\/v2\/types\/page"}],"author":[{"embeddable":true,"href":"https:\/\/www.charcoal-machines.com\/sw\/wp-json\/wp\/v2\/users\/1"}],"replies":[{"embeddable":true,"href":"https:\/\/www.charcoal-machines.com\/sw\/wp-json\/wp\/v2\/comments?post=49"}],"version-history":[{"count":0,"href":"https:\/\/www.charcoal-machines.com\/sw\/wp-json\/wp\/v2\/pages\/49\/revisions"}],"wp:attachment":[{"href":"https:\/\/www.charcoal-machines.com\/sw\/wp-json\/wp\/v2\/media?parent=49"}],"curies":[{"name":"wp","href":"https:\/\/api.w.org\/{rel}","templated":true}]}}