{"id":47,"date":"2018-08-22T02:47:46","date_gmt":"2018-08-22T02:47:46","guid":{"rendered":"http:\/\/www.charcoal-machines.com\/?page_id=47"},"modified":"2024-09-19T16:39:38","modified_gmt":"2024-09-19T08:39:38","slug":"sawdust-charcoal-briquette-production-line","status":"publish","type":"page","link":"https:\/\/www.charcoal-machines.com\/sw\/sawdust-charcoal-briquette-production-line","title":{"rendered":"Linia ya uzalishaji wa briquette za makaa ya mawe ya mkaa"},"content":{"rendered":"<p class=\"translation-block\"><strong>Linia ya uzalishaji wa briketi za makaa ya mawe\/Mashine ya kutengeneza briketi za makaa ya mawe\/linia ya uzalishaji wa makaa ya mawe<\/strong><\/p> <div class=\"col-md-12\"><img decoding=\"async\" class=\"alignnone size-full wp-image-267\" src=\"http:\/\/www.charcoal-machines.com\/wp-content\/uploads\/2018\/08\/Charcoal-briquette-production-line1.jpg\" alt=\"Mstari wa uzalishaji wa karamu ya mkaa\" width=\"100%\" srcset=\"https:\/\/www.charcoal-machines.com\/wp-content\/uploads\/2018\/08\/Charcoal-briquette-production-line1.jpg 1200w, https:\/\/www.charcoal-machines.com\/wp-content\/uploads\/2018\/08\/Charcoal-briquette-production-line1-300x130.jpg 300w, https:\/\/www.charcoal-machines.com\/wp-content\/uploads\/2018\/08\/Charcoal-briquette-production-line1-768x332.jpg 768w, https:\/\/www.charcoal-machines.com\/wp-content\/uploads\/2018\/08\/Charcoal-briquette-production-line1-1024x443.jpg 1024w\" sizes=\"(max-width: 1200px) 100vw, 1200px\" \/><\/div> <p class=\"translation-block\"><strong><b>Mtiririko wa kazi:<\/b><\/strong><br \/> kiunzi cha miti-kidhibiti-mashine ya kukaushia-kidhibiti-mashine ya kulisha otomatiki ya vumbi la mbao-mashine ya briketi za makaa ya mawe-kidhibiti cha wavu-tanuri cha kuoka kaboni<\/p> <p class=\"translation-block\"><strong><b>Maelezo:<\/b><\/strong><\/p> <p class=\"translation-block\"><strong><b>\u00a0 \u00a0 <a href=\"http:\/\/www.charcoal-machines.com\/sw\/wood-crusher.html\">\u00a0kiunzi cha miti<\/a>:<\/b><\/strong><\/p> <p class=\"translation-block\">Kiunzi kinafaa kwa kusaga mti mbichi wenye ukubwa chini ya 200mm (kipenyo). Baada ya kusagwa, ukubwa wa pato unaweza kufikia kipenyo cha 3-5mm, ambacho kinafaa kwa usindikaji zaidi, kinafaa zaidi kwa <strong><b>linia ya uzalishaji wa briketi za makaa ya mawe ya vumbi la mbao.<\/b><\/strong><\/p> <ul> <li><b><\/b><strong><b>Kondakta wa screw<\/b><\/strong>Inatumika kuhamasisha unga kwenda kwenye dryer. Unaweza pia kutumia nguvu za watu badala ya mashine hii.<\/li> <li><b><\/b><strong><b>S\u00e5gsp\u00e5nstork:<\/b><\/strong>Ikiwa unyevu wa unga ni zaidi ya 12%. Basi unaweza kutumia mashine hii. Mashine hii inatumika kukausha unga hadi 8%-12% kwa kazi nzuri ya <strong><b>S\u00e5gsp\u00e5n kolbrikettmaskin.<\/b><\/strong><\/li> <li><b><\/b><strong><b>Automatisk matningsmaskin och brikettmaskin:<\/b><\/strong>Det anv\u00e4nds f\u00f6r att distribuera pulvret och g\u00f6ra pulvret till briketter. Fuktigheten i pulvret b\u00f6r vara mellan 8-12% f\u00f6r att fungera bra. Denna maskin kan g\u00f6ra <strong><b>linja ya uzalishaji wa briquette za makaa ya mkaa ya sawdust<\/b><\/strong><b><\/b>mer automatiskt och h\u00f6g effektivitet.<\/li> <li><b><\/b><strong><b>B\u00e4lte av n\u00e4ttransport\u00f6r:<\/b><\/strong>Mashine hii ni kwa ajili ya briquettes za sawdust, briquettes ni moto baada ya kutengenezwa kutoka kwa mashine, ni bora kutumia conveyor kwa ajili ya kupoza na kuhamasisha. Briquettes za sawdust ni moto sana kutoka kwa <strong><b>s\u00e5gsp\u00e5n kolbrikettmaskinen<\/b><\/strong>,denna maskin kan f\u00f6rhindra att m\u00e4nniskor br\u00e4nns.<\/li> <div class=\"video-responsive\"><iframe loading=\"lazy\" width=\"560\" height=\"315\" src=\"https:\/\/www.youtube.com\/embed\/xhR8-BHiw-Q\" frameborder=\"0\" allow=\"accelerometer; autoplay; encrypted-media; gyroscope; picture-in-picture\" allowfullscreen=\"\"><\/iframe><\/div> <li><b><\/b><strong><b><a href=\"http:\/\/www.charcoal-machines.com\/sw\/continuous-carbonization-furnace.html\">Furuna ya kaboni<\/a>:<\/b><\/strong>Inkluderar uppv\u00e4rmningsrum (f\u00f6r att v\u00e4rma ugnen), ugnskropp och v\u00e4rmebevarande lager (det \u00e4r gjort av v\u00e4rmeisolerande material, som anv\u00e4nds f\u00f6r att h\u00e5lla v\u00e4rmen). Best\u00e5r av ugnstankens kropp och det f\u00f6rseglade topplocket. B\u00e5da \u00e4r gjorda av v\u00e4rmebest\u00e4ndigt termiskt st\u00e5l. Ett set med yttre ugn inkluderar tv\u00e5 eller tre karboniseringskorgar, och diametrarna \u00e4r 1550 mm, 1460 mm och 1430 mm, och de tre karboniseringskorgarna kan staplas tillsammans, vilket g\u00f6r det enkelt att lasta och transportera, och det sparar mycket utrymme och transportkostnader.<\/li> <\/ul>","protected":false},"excerpt":{"rendered":"<p>Mstari wa uzalishaji wa vifungo vya mkaa\/mashine ya kutengeneza vifungo vya mkaa\/mstari wa uzalishaji wa mkaa Mtiririko wa kazi: crusher ya kuni-msaafirishaji-mashine ya kukausha-msaafirishaji-mashine ya kuingiza sokoni vumbi la mkaa kiotomatiki-mashine ya vifungo vya mkaa-msaafirishaji wa mesh-forno la kabonishaji Maelezo: crusher ya kuni: Crusher inafaa kwa kusaga kuni ghafi yenye ukubwa chini ya 200mm (kipenyo). Baada ya kusagwa, ukubwa wa pato unaweza kufikia kipenyo cha 3-5mm, ambacho kinafaa kwa usindikaji zaidi, zaidi\u2026<\/p>","protected":false},"author":1,"featured_media":0,"parent":0,"menu_order":0,"comment_status":"open","ping_status":"closed","template":"","meta":{"_kad_blocks_custom_css":"","_kad_blocks_head_custom_js":"","_kad_blocks_body_custom_js":"","_kad_blocks_footer_custom_js":"","_kadence_starter_templates_imported_post":false,"_kad_post_transparent":"","_kad_post_title":"","_kad_post_layout":"","_kad_post_sidebar_id":"","_kad_post_content_style":"","_kad_post_vertical_padding":"","_kad_post_feature":"","_kad_post_feature_position":"","_kad_post_header":false,"_kad_post_footer":false,"_kad_post_classname":"","footnotes":""},"class_list":["post-47","page","type-page","status-publish","hentry"],"taxonomy_info":[],"featured_image_src_large":false,"author_info":{"display_name":"Lolita","author_link":"https:\/\/www.charcoal-machines.com\/sw\/author\/admin"},"comment_info":3,"_links":{"self":[{"href":"https:\/\/www.charcoal-machines.com\/sw\/wp-json\/wp\/v2\/pages\/47","targetHints":{"allow":["GET"]}}],"collection":[{"href":"https:\/\/www.charcoal-machines.com\/sw\/wp-json\/wp\/v2\/pages"}],"about":[{"href":"https:\/\/www.charcoal-machines.com\/sw\/wp-json\/wp\/v2\/types\/page"}],"author":[{"embeddable":true,"href":"https:\/\/www.charcoal-machines.com\/sw\/wp-json\/wp\/v2\/users\/1"}],"replies":[{"embeddable":true,"href":"https:\/\/www.charcoal-machines.com\/sw\/wp-json\/wp\/v2\/comments?post=47"}],"version-history":[{"count":0,"href":"https:\/\/www.charcoal-machines.com\/sw\/wp-json\/wp\/v2\/pages\/47\/revisions"}],"wp:attachment":[{"href":"https:\/\/www.charcoal-machines.com\/sw\/wp-json\/wp\/v2\/media?parent=47"}],"curies":[{"name":"wp","href":"https:\/\/api.w.org\/{rel}","templated":true}]}}