{"id":7,"date":"2018-08-16T01:42:55","date_gmt":"2018-08-16T01:42:55","guid":{"rendered":"http:\/\/www.charcoal-machines.com\/?page_id=7"},"modified":"2021-04-16T09:33:14","modified_gmt":"2021-04-16T01:33:14","slug":"about-us","status":"publish","type":"page","link":"https:\/\/www.charcoal-machines.com\/pt\/about-us","title":{"rendered":"Sobre N\u00f3s"},"content":{"rendered":"<p class=\"translation-block\"><strong>Localiza\u00e7\u00e3o da Nossa Empresa<\/strong><\/p> <p>A Zhengzhou Shuliy Machinery Co., Ltd \u00e9 uma empresa bem conhecida que integra pesquisa cient\u00edfica, desenvolvimento, design, fabrica\u00e7\u00e3o e vendas como um todo. Est\u00e1 localizada na Zona de Desenvolvimento Econ\u00f4mico e Tecnol\u00f3gico de Zhengzhou, que \u00e9 um centro comercial e econ\u00f4mico, principalmente engajada na importa\u00e7\u00e3o e exporta\u00e7\u00e3o de equipamentos mec\u00e2nicos. Aqui, conta com mais de 300 funcion\u00e1rios, todos motivados pela alegria de trabalhar como uma fam\u00edlia.<\/p> <div class=\"col-md-12\"><img decoding=\"async\" class=\"alignnone size-full wp-image-235\" src=\"http:\/\/www.charcoal-machines.com\/wp-content\/uploads\/2018\/08\/aboutus.jpg\" alt=\"sobre n\u00f3s\" width=\"100%\" srcset=\"https:\/\/www.charcoal-machines.com\/wp-content\/uploads\/2018\/08\/aboutus.jpg 1200w, https:\/\/www.charcoal-machines.com\/wp-content\/uploads\/2018\/08\/aboutus-300x125.jpg 300w, https:\/\/www.charcoal-machines.com\/wp-content\/uploads\/2018\/08\/aboutus-768x320.jpg 768w, https:\/\/www.charcoal-machines.com\/wp-content\/uploads\/2018\/08\/aboutus-1024x427.jpg 1024w\" sizes=\"(max-width: 1200px) 100vw, 1200px\" \/><\/div> <p class=\"translation-block\"><strong><b>Nossos Principais Produtos e Mercado<\/b><\/strong><\/p> <p>Nossos principais produtos incluem o triturador de madeira, secador rotativo, secador de fluxo de ar, m\u00e1quina de briquete de serragem, forno de carboniza\u00e7\u00e3o cont\u00ednua, forno de carboniza\u00e7\u00e3o, m\u00e1quina extrusora de carv\u00e3o e carv\u00e3o vegetal, m\u00e1quina de moagem em roda, triturador de carv\u00e3o vegetal, etc. Nos \u00faltimos anos, nossos produtos t\u00eam desfrutado de grande popularidade no mercado da \u00c1frica e do Sudeste Asi\u00e1tico, como Nig\u00e9ria, Qu\u00eania, \u00c1frica do Sul, Gana, Congo, Eti\u00f3pia, Nam\u00edbia, Marrocos, Botsuana, Zimb\u00e1bue, Uganda, Arg\u00e9lia, Camar\u00f5es.<\/p> <p class=\"translation-block\"><strong>Nossa Capacidade de P&amp;D<\/strong><\/p> <p>Acreditamos firmemente que a tecnologia \u00e9 a principal for\u00e7a produtiva. Guiados por esse conceito, investimos muito na contrata\u00e7\u00e3o de muitos especialistas mec\u00e2nicos excepcionais como nossos consultores, portanto, temos uma excelente capacidade de pesquisar e desenvolver novos produtos e melhorar a qualidade da maquinaria tradicional.<\/p> <p class=\"translation-block\"><strong>Nosso CQ e Servi\u00e7o<\/strong><\/p> <p>N\u00f3s sempre buscamos a excel\u00eancia. Gra\u00e7as \u00e0 for\u00e7a de trabalho bem treinada, ao rigoroso sistema de garantia de qualidade, \u00e0 gest\u00e3o otimizada de todo o processo de produ\u00e7\u00e3o e aos perfeitos sistemas de p\u00f3s-venda, nossos produtos e servi\u00e7os s\u00e3o altamente elogiados por clientes nacionais e internacionais. Com base no princ\u00edpio de qualidade orientada, boa reputa\u00e7\u00e3o e prioridade ao cliente, temos f\u00e9 em criar produtos de alta qualidade entre as ind\u00fastrias relevantes e proporcionar um grande desempenho por gera\u00e7\u00f5es. Estamos profundamente dedicados a fornecer produtos de qualidade premium e um servi\u00e7o satisfat\u00f3rio a todos os clientes e esperamos uma coopera\u00e7\u00e3o sincera com eles para um futuro brilhante. Nossa empresa visa inovar na pr\u00e1tica e fornecer uma garantia confi\u00e1vel da produ\u00e7\u00e3o \u00e0 venda. Nossa declara\u00e7\u00e3o de qualidade se resume a uma \u00fanica palavra \u2013 compromisso \u2013 com a agricultura, os agricultores e os consumidores de produtos, que nos esfor\u00e7amos para cumprir a cada dia.<\/p> <p class=\"translation-block\"><strong>Nossos Objetivos para a \u00c1frica<\/strong><\/p> <p>Desde que a Rep\u00fablica Popular da China foi fundada em 1949, sempre prestou muita aten\u00e7\u00e3o \u00e0 agricultura. Hoje em dia, a China se tornou um dos maiores pa\u00edses agr\u00edcolas do mundo. O governo chin\u00eas convoca as empresas chinesas a ajudar e apoiar o desenvolvimento africano nos \u00faltimos anos. Como um dos fornecedores de agricultura mais profissionais da China, nossa empresa possui muita experi\u00eancia em m\u00e1quinas agr\u00edcolas e domina tecnologia avan\u00e7ada durante seu desenvolvimento ao longo de 70 anos. Respondemos positivamente \u00e0 pol\u00edtica do governo e participamos de exposi\u00e7\u00f5es, investigando o mercado africano e fornecendo nossas m\u00e1quinas agr\u00edcolas a pre\u00e7os baixos e alta qualidade. Manteremos nossa primeira aspira\u00e7\u00e3o de ajudar os agricultores a colher mais gr\u00e3os e resolver o problema de Alimentos e Agricultura. Amamos o mundo e a paz e temos como objetivo unir esfor\u00e7os com amigos africanos para criar vidas melhores.<\/p>","protected":false},"excerpt":{"rendered":"<p>Nossa localiza\u00e7\u00e3o da empresa Zhengzhou Shuliy Machinery Co., Ltd \u00e9 uma empresa bem conhecida que integra pesquisa cient\u00edfica, desenvolvimento, design, fabrica\u00e7\u00e3o e vendas como um todo. Est\u00e1 localizada na Zhengzhou Economic and Technological Development Zone, que \u00e9 um centro comercial e econ\u00f4mico, atuando principalmente na importa\u00e7\u00e3o e exporta\u00e7\u00e3o de equipamentos mec\u00e2nicos. Aqui \u00e9 capacitado com\u2026<\/p>","protected":false},"author":1,"featured_media":0,"parent":0,"menu_order":0,"comment_status":"open","ping_status":"closed","template":"","meta":{"_kad_blocks_custom_css":"","_kad_blocks_head_custom_js":"","_kad_blocks_body_custom_js":"","_kad_blocks_footer_custom_js":"","_kadence_starter_templates_imported_post":false,"_kad_post_transparent":"","_kad_post_title":"","_kad_post_layout":"","_kad_post_sidebar_id":"","_kad_post_content_style":"","_kad_post_vertical_padding":"","_kad_post_feature":"","_kad_post_feature_position":"","_kad_post_header":false,"_kad_post_footer":false,"_kad_post_classname":"","footnotes":""},"class_list":["post-7","page","type-page","status-publish","hentry"],"taxonomy_info":[],"featured_image_src_large":false,"author_info":{"display_name":"Lolita","author_link":"https:\/\/www.charcoal-machines.com\/pt\/author\/admin"},"comment_info":0,"_links":{"self":[{"href":"https:\/\/www.charcoal-machines.com\/pt\/wp-json\/wp\/v2\/pages\/7","targetHints":{"allow":["GET"]}}],"collection":[{"href":"https:\/\/www.charcoal-machines.com\/pt\/wp-json\/wp\/v2\/pages"}],"about":[{"href":"https:\/\/www.charcoal-machines.com\/pt\/wp-json\/wp\/v2\/types\/page"}],"author":[{"embeddable":true,"href":"https:\/\/www.charcoal-machines.com\/pt\/wp-json\/wp\/v2\/users\/1"}],"replies":[{"embeddable":true,"href":"https:\/\/www.charcoal-machines.com\/pt\/wp-json\/wp\/v2\/comments?post=7"}],"version-history":[{"count":0,"href":"https:\/\/www.charcoal-machines.com\/pt\/wp-json\/wp\/v2\/pages\/7\/revisions"}],"wp:attachment":[{"href":"https:\/\/www.charcoal-machines.com\/pt\/wp-json\/wp\/v2\/media?parent=7"}],"curies":[{"name":"wp","href":"https:\/\/api.w.org\/{rel}","templated":true}]}}