{"id":49,"date":"2018-08-22T02:48:32","date_gmt":"2018-08-22T02:48:32","guid":{"rendered":"http:\/\/www.charcoal-machines.com\/?page_id=49"},"modified":"2022-12-07T10:55:22","modified_gmt":"2022-12-07T02:55:22","slug":"charcoal-briquette-production-line","status":"publish","type":"page","link":"https:\/\/www.charcoal-machines.com\/pt\/charcoal-briquette-production-line","title":{"rendered":"linha de produ\u00e7\u00e3o de briquetes de carv\u00e3o"},"content":{"rendered":"<p class=\"translation-block\"><strong>Linha de produ\u00e7\u00e3o de briquetes de carv\u00e3o\/Linha de produ\u00e7\u00e3o de briquetes de bola de carv\u00e3o\/Linha de produ\u00e7\u00e3o de briquetes de shisha<\/strong><\/p>    <figure class=\"wp-block-image\"><img decoding=\"async\" src=\"http:\/\/www.charcoal-machines.com\/wp-content\/uploads\/2018\/09\/Charcoal.jpg\" alt=\"\" class=\"wp-image-266\"><\/figure>    <div class=\"col-md-12\"><\/div>    <p class=\"translation-block\"><strong><b>Fluxo de trabalho da m\u00e1quina de fabrica\u00e7\u00e3o de carv\u00e3o de serragem:<\/b><\/strong><\/p>    <p class=\"translation-block\">Forno de carboniza\u00e7\u00e3o cont\u00ednua-Triturador-Transportador-M\u00e1quina de moagem e mistura de carv\u00e3o-Transportador de parafuso-<a href=\"https:\/\/www.charcoal-machines.com\/pt\/sawdust-charcoal-briquette-production-line\/\">M\u00e1quina de briquetes de carv\u00e3o<\/a>-Transportador de correia-M\u00e1quina secadora<\/p>    <ul class=\"wp-block-list\"> <li><strong><b>Furna de carboniza\u00e7\u00e3o cont\u00ednua<\/b><\/strong>-se a pequena mat\u00e9ria-prima for cascas de coco, serragem, casca de arroz, casca de amendoim, palha, casca de \u00e1rvore, pequenos res\u00edduos de madeira e outras mat\u00e9rias-primas com conte\u00fado de biomassa, pode usar esta m\u00e1quina para primeiro transform\u00e1-las em carv\u00e3o. O tamanho da mat\u00e9ria-prima deve ser inferior a 15mm. Este forno de carboniza\u00e7\u00e3o cont\u00ednua \u00e9 sem fuma\u00e7a, ambiental, cont\u00ednuo e com grande capacidade, podendo produzir cerca de 300-500kg\/h. Esta m\u00e1quina \u00e9 o primeiro passo de <strong><b>linha de produ\u00e7\u00e3o de briquetes de carv\u00e3o<\/b><\/strong><\/li>    <li>O triturador - esta m\u00e1quina serve para triturar o carv\u00e3o em tamanhos pequenos ou em p\u00f3, pode ser equipada com um transportador de parafuso ap\u00f3s a tritura\u00e7\u00e3o.<\/li>    <li><strong><b>Transportador de Parafuso<\/b><\/strong>- o transportador pode transportar o p\u00f3 de carv\u00e3o para a m\u00e1quina de moagem e mistura de carv\u00e3o, o que pode economizar muita m\u00e3o de obra.<\/li>    <li><strong><b>M\u00e1quina de moagem e mistura de carv\u00e3o<\/b><\/strong>- o p\u00f3 de carv\u00e3o \u00e9 muito leve, esta m\u00e1quina pode moer o p\u00f3 de carv\u00e3o para alta densidade, e possui a fun\u00e7\u00e3o de misturar, podendo misturar o aglutinante com o carv\u00e3o. se a mat\u00e9ria-prima for carv\u00e3o, esta m\u00e1quina \u00e9 a m\u00e1quina necess\u00e1ria. <strong><b>linha de produ\u00e7\u00e3o de briquetes de carv\u00e3o.<\/b><\/strong><\/li>    <li><strong><b>Transportador de parafuso<\/b><\/strong>- esta m\u00e1quina serve para transportar a mat\u00e9ria-prima misturada para uma m\u00e1quina de briquete.<\/li>    <li><strong><b>M\u00e1quina de briquete de carv\u00e3o<\/b><\/strong>-esta m\u00e1quina serve para transformar p\u00f3 de carv\u00e3o em briquete, a forma do briquete pode ser bola de carv\u00e3o, barra de carv\u00e3o, carv\u00e3o em favo de mel, briquetes de carv\u00e3o para shisha, cubos de carv\u00e3o.<\/li>    <li><strong><b>Transportador de correia<\/b><\/strong>- esta m\u00e1quina serve para transportar os briquetes de carv\u00e3o ou carv\u00e3o para um secador de esteira.<\/li>    <li><strong><b>M\u00e1quina secadora<\/b><\/strong>-a m\u00e1quina de secar pode secar os briquetes de carv\u00e3o rapidamente, dentro h\u00e1 v\u00e1rias camadas de secador de correia de malha, podemos personalizar a camada e o comprimento conforme a solicita\u00e7\u00e3o do cliente. No <strong><b>linha de produ\u00e7\u00e3o de briquetes de carv\u00e3o<\/b><\/strong>, a m\u00e1quina secadora \u00e9 desnecess\u00e1ria, o cliente tamb\u00e9m pode secar os briquetes ao sol.<\/li>    <li><\/li> <\/ul>   <div class=\"kk-star-ratings kksr-auto kksr-align-right kksr-valign-bottom\"     data-payload='{&quot;align&quot;:&quot;right&quot;,&quot;id&quot;:&quot;49&quot;,&quot;slug&quot;:&quot;default&quot;,&quot;valign&quot;:&quot;bottom&quot;,&quot;ignore&quot;:&quot;&quot;,&quot;reference&quot;:&quot;auto&quot;,&quot;class&quot;:&quot;&quot;,&quot;count&quot;:&quot;24&quot;,&quot;legendonly&quot;:&quot;&quot;,&quot;readonly&quot;:&quot;&quot;,&quot;score&quot;:&quot;5&quot;,&quot;starsonly&quot;:&quot;&quot;,&quot;best&quot;:&quot;5&quot;,&quot;gap&quot;:&quot;4&quot;,&quot;greet&quot;:&quot;Rate this page&quot;,&quot;legend&quot;:&quot;5\\\/5 - (24 votos)&quot;,&quot;size&quot;:&quot;24&quot;,&quot;title&quot;:&quot;Charcoal briquette production line&quot;,&quot;width&quot;:&quot;138&quot;,&quot;_legend&quot;:&quot;{score}\\\/{best} - ({count} {votes})&quot;,&quot;font_factor&quot;:&quot;1.25&quot;}'>              <div class=\"kksr-stars\">      <div class=\"kksr-stars-inactive\">             <div class=\"kksr-star\" data-star=\"1\" style=\"padding-right: 4px\">               <div class=\"kksr-icon\" style=\"width: 24px; height: 24px;\"><\/div>         <\/div>             <div class=\"kksr-star\" data-star=\"2\" style=\"padding-right: 4px\">               <div class=\"kksr-icon\" style=\"width: 24px; height: 24px;\"><\/div>         <\/div>             <div class=\"kksr-star\" data-star=\"3\" style=\"padding-right: 4px\">               <div class=\"kksr-icon\" style=\"width: 24px; height: 24px;\"><\/div>         <\/div>             <div class=\"kksr-star\" data-star=\"4\" style=\"padding-right: 4px\">               <div class=\"kksr-icon\" style=\"width: 24px; height: 24px;\"><\/div>         <\/div>             <div class=\"kksr-star\" data-star=\"5\" style=\"padding-right: 4px\">               <div class=\"kksr-icon\" style=\"width: 24px; height: 24px;\"><\/div>         <\/div>     <\/div>      <div class=\"kksr-stars-active\" style=\"width: 138px;\">             <div class=\"kksr-star\" style=\"padding-right: 4px\">               <div class=\"kksr-icon\" style=\"width: 24px; height: 24px;\"><\/div>         <\/div>             <div class=\"kksr-star\" style=\"padding-right: 4px\">               <div class=\"kksr-icon\" style=\"width: 24px; height: 24px;\"><\/div>         <\/div>             <div class=\"kksr-star\" style=\"padding-right: 4px\">               <div class=\"kksr-icon\" style=\"width: 24px; height: 24px;\"><\/div>         <\/div>             <div class=\"kksr-star\" style=\"padding-right: 4px\">               <div class=\"kksr-icon\" style=\"width: 24px; height: 24px;\"><\/div>         <\/div>             <div class=\"kksr-star\" style=\"padding-right: 4px\">               <div class=\"kksr-icon\" style=\"width: 24px; height: 24px;\"><\/div>         <\/div>     <\/div> <\/div>                   <div class=\"kksr-legend\" style=\"font-size: 19.2px;\">             5\/5 - (24 votos)    <\/div>     <\/div>","protected":false},"excerpt":{"rendered":"<p>Linha de produ\u00e7\u00e3o de briquetes de carv\u00e3o\/Linha de produ\u00e7\u00e3o de briquetes de carv\u00e3o em bola\/Linha de produ\u00e7\u00e3o de briquetes de shisha Fluxo de trabalho da m\u00e1quina de fazer carv\u00e3o de serragem: Forno de carboniza\u00e7\u00e3o cont\u00ednua-Crusher-Conveyor-M\u00e1quina de moagem e mistura de carv\u00e3o-Conveyor de parafuso-M\u00e1quina de briquete de carv\u00e3o-Conveyor de malha-M\u00e1quina secadora<\/p>","protected":false},"author":1,"featured_media":0,"parent":0,"menu_order":0,"comment_status":"open","ping_status":"open","template":"","meta":{"_kad_blocks_custom_css":"","_kad_blocks_head_custom_js":"","_kad_blocks_body_custom_js":"","_kad_blocks_footer_custom_js":"","_kadence_starter_templates_imported_post":false,"_kad_post_transparent":"","_kad_post_title":"","_kad_post_layout":"","_kad_post_sidebar_id":"","_kad_post_content_style":"","_kad_post_vertical_padding":"","_kad_post_feature":"","_kad_post_feature_position":"","_kad_post_header":false,"_kad_post_footer":false,"_kad_post_classname":"","footnotes":""},"class_list":["post-49","page","type-page","status-publish","hentry"],"taxonomy_info":[],"featured_image_src_large":false,"author_info":{"display_name":"Lolita","author_link":"https:\/\/www.charcoal-machines.com\/pt\/author\/admin"},"comment_info":6,"_links":{"self":[{"href":"https:\/\/www.charcoal-machines.com\/pt\/wp-json\/wp\/v2\/pages\/49","targetHints":{"allow":["GET"]}}],"collection":[{"href":"https:\/\/www.charcoal-machines.com\/pt\/wp-json\/wp\/v2\/pages"}],"about":[{"href":"https:\/\/www.charcoal-machines.com\/pt\/wp-json\/wp\/v2\/types\/page"}],"author":[{"embeddable":true,"href":"https:\/\/www.charcoal-machines.com\/pt\/wp-json\/wp\/v2\/users\/1"}],"replies":[{"embeddable":true,"href":"https:\/\/www.charcoal-machines.com\/pt\/wp-json\/wp\/v2\/comments?post=49"}],"version-history":[{"count":0,"href":"https:\/\/www.charcoal-machines.com\/pt\/wp-json\/wp\/v2\/pages\/49\/revisions"}],"wp:attachment":[{"href":"https:\/\/www.charcoal-machines.com\/pt\/wp-json\/wp\/v2\/media?parent=49"}],"curies":[{"name":"wp","href":"https:\/\/api.w.org\/{rel}","templated":true}]}}