{"id":47,"date":"2018-08-22T02:47:46","date_gmt":"2018-08-22T02:47:46","guid":{"rendered":"http:\/\/www.charcoal-machines.com\/?page_id=47"},"modified":"2024-09-19T16:39:38","modified_gmt":"2024-09-19T08:39:38","slug":"sawdust-charcoal-briquette-production-line","status":"publish","type":"page","link":"https:\/\/www.charcoal-machines.com\/pt\/sawdust-charcoal-briquette-production-line","title":{"rendered":"Linha de produ\u00e7\u00e3o de briquetes de carv\u00e3o de serragem"},"content":{"rendered":"<p class=\"translation-block\"><strong>Linha de produ\u00e7\u00e3o de briquetes de carv\u00e3o\/M\u00e1quina de fabrica\u00e7\u00e3o de briquetes de carv\u00e3o\/linha de produ\u00e7\u00e3o de carv\u00e3o<\/strong><\/p> <div class=\"col-md-12\"><img decoding=\"async\" class=\"alignnone size-full wp-image-267\" src=\"http:\/\/www.charcoal-machines.com\/wp-content\/uploads\/2018\/08\/Charcoal-briquette-production-line1.jpg\" alt=\"linha de produ\u00e7\u00e3o de briquetes de carv\u00e3o\" width=\"100%\" srcset=\"https:\/\/www.charcoal-machines.com\/wp-content\/uploads\/2018\/08\/Charcoal-briquette-production-line1.jpg 1200w, https:\/\/www.charcoal-machines.com\/wp-content\/uploads\/2018\/08\/Charcoal-briquette-production-line1-300x130.jpg 300w, https:\/\/www.charcoal-machines.com\/wp-content\/uploads\/2018\/08\/Charcoal-briquette-production-line1-768x332.jpg 768w, https:\/\/www.charcoal-machines.com\/wp-content\/uploads\/2018\/08\/Charcoal-briquette-production-line1-1024x443.jpg 1024w\" sizes=\"(max-width: 1200px) 100vw, 1200px\" \/><\/div> <p class=\"translation-block\"><strong><b>Fluxo de trabalho:<\/b><\/strong><br \/> triturador de madeira-transportador-m\u00e1quina de secagem-transportador-alimentador autom\u00e1tico de serragem-m\u00e1quina de briquetes de carv\u00e3o-transportador de malha-forno de carboniza\u00e7\u00e3o<\/p> <p class=\"translation-block\"><strong><b>Descri\u00e7\u00e3o:<\/b><\/strong><\/p> <p class=\"translation-block\"><strong><b>\u00a0 \u00a0 <a href=\"http:\/\/www.charcoal-machines.com\/pt\/wood-crusher.html\">\u00a0Triturador de madeira<\/a>:<\/b><\/strong><\/p> <p class=\"translation-block\">O triturador \u00e9 adequado para triturar madeira bruta com tamanho inferior a 200 mm (di\u00e2metro). Ap\u00f3s a moagem, o tamanho de sa\u00edda pode atingir 3-5 mm de di\u00e2metro, o que \u00e9 adequado para processamento posterior, mais adequado para a <strong><b>linha de produ\u00e7\u00e3o de briquetes de carv\u00e3o de serragem.<\/b><\/strong><\/p> <ul> <li><b><\/b><strong><b>Transportador de parafuso<\/b><\/strong>\u00c9 usado para transferir o p\u00f3 para o secador. Voc\u00ea tamb\u00e9m pode usar for\u00e7a humana em vez desta m\u00e1quina.<\/li> <li><b><\/b><strong><b>Secador de serragem:<\/b><\/strong>Se a umidade do p\u00f3 for superior a 12%. Ent\u00e3o voc\u00ea pode usar esta m\u00e1quina. Esta m\u00e1quina \u00e9 usada para secar o p\u00f3 para 8%-12% para um bom funcionamento. <strong><b>m\u00e1quina de briquete de carv\u00e3o de serragem.<\/b><\/strong><\/li> <li><b><\/b><strong><b>M\u00e1quina de alimenta\u00e7\u00e3o autom\u00e1tica e m\u00e1quina de briquete:<\/b><\/strong>\u00c9 usado para distribuir o p\u00f3 e transformar o p\u00f3 em briquete. A umidade do p\u00f3 deve estar entre 8-12% para um bom funcionamento. Esta m\u00e1quina pode fazer o <strong><b>linha de produ\u00e7\u00e3o de briquetes de carv\u00e3o de serragem<\/b><\/strong><b><\/b>mais autom\u00e1tica e de alta efici\u00eancia.<\/li> <li><b><\/b><strong><b>Transportador de correia de malha:<\/b><\/strong>Esta m\u00e1quina \u00e9 para briquetes de serragem, os briquetes est\u00e3o quentes ap\u00f3s serem produzidos pela m\u00e1quina, \u00e9 melhor usar um transportador para resfriamento e transporte. Os briquetes de serragem est\u00e3o muito quentes. <strong><b>m\u00e1quina de briquete de carv\u00e3o de serragem<\/b><\/strong>, esta m\u00e1quina pode evitar que o homem se queime.<\/li> <div class=\"video-responsive\"><iframe loading=\"lazy\" width=\"560\" height=\"315\" src=\"https:\/\/www.youtube.com\/embed\/xhR8-BHiw-Q\" frameborder=\"0\" allow=\"accelerometer; autoplay; encrypted-media; gyroscope; picture-in-picture\" allowfullscreen=\"\"><\/iframe><\/div> <li><b><\/b><strong><b><a href=\"http:\/\/www.charcoal-machines.com\/pt\/continuous-carbonization-furnace.html\">Forno de carboniza\u00e7\u00e3o<\/a>:<\/b><\/strong>Inclui a sala de aquecimento (para aquecer o forno), o corpo do forno e a camada de isolamento t\u00e9rmico (\u00e9 feita de material isolante t\u00e9rmico, usado para manter o aquecimento). Consiste no corpo do tanque do forno e na tampa superior selada. Ambos s\u00e3o feitos de a\u00e7o t\u00e9rmico resistente ao calor. Um conjunto de forno externo inclui duas ou tr\u00eas cestas de carboniza\u00e7\u00e3o, com di\u00e2metros de 1550mm, 1460mm e 1430mm, e as tr\u00eas cestas de carboniza\u00e7\u00e3o podem ser empilhadas juntas, facilitando o carregamento e o transporte, economizando muito espa\u00e7o e custos de transporte.<\/li> <\/ul>","protected":false},"excerpt":{"rendered":"<p>Linha de produ\u00e7\u00e3o de briquetes de carv\u00e3o\/M\u00e1quina de fazer briquetes de carv\u00e3o\/Linha de produ\u00e7\u00e3o de carv\u00e3o Fluxo de trabalho: triturador de madeira-conveyor-m\u00e1quina secadora-conveyor-m\u00e1quina autom\u00e1tica de alimenta\u00e7\u00e3o de serragem-m\u00e1quina de briquete de carv\u00e3o-conveyor de malha-forno de carboniza\u00e7\u00e3o Descri\u00e7\u00e3o: \u00a0 \u00a0 \u00a0triturador de madeira: O triturador \u00e9 adequado para triturar madeira bruta com tamanho inferior a 200mm (di\u00e2metro). Ap\u00f3s a moagem, o tamanho da sa\u00edda pode atingir di\u00e2metro de 3-5mm, que \u00e9 adequado para processamento posterior, mais\u2026<\/p>","protected":false},"author":1,"featured_media":0,"parent":0,"menu_order":0,"comment_status":"open","ping_status":"closed","template":"","meta":{"_kad_blocks_custom_css":"","_kad_blocks_head_custom_js":"","_kad_blocks_body_custom_js":"","_kad_blocks_footer_custom_js":"","_kadence_starter_templates_imported_post":false,"_kad_post_transparent":"","_kad_post_title":"","_kad_post_layout":"","_kad_post_sidebar_id":"","_kad_post_content_style":"","_kad_post_vertical_padding":"","_kad_post_feature":"","_kad_post_feature_position":"","_kad_post_header":false,"_kad_post_footer":false,"_kad_post_classname":"","footnotes":""},"class_list":["post-47","page","type-page","status-publish","hentry"],"taxonomy_info":[],"featured_image_src_large":false,"author_info":{"display_name":"Lolita","author_link":"https:\/\/www.charcoal-machines.com\/pt\/author\/admin"},"comment_info":3,"_links":{"self":[{"href":"https:\/\/www.charcoal-machines.com\/pt\/wp-json\/wp\/v2\/pages\/47","targetHints":{"allow":["GET"]}}],"collection":[{"href":"https:\/\/www.charcoal-machines.com\/pt\/wp-json\/wp\/v2\/pages"}],"about":[{"href":"https:\/\/www.charcoal-machines.com\/pt\/wp-json\/wp\/v2\/types\/page"}],"author":[{"embeddable":true,"href":"https:\/\/www.charcoal-machines.com\/pt\/wp-json\/wp\/v2\/users\/1"}],"replies":[{"embeddable":true,"href":"https:\/\/www.charcoal-machines.com\/pt\/wp-json\/wp\/v2\/comments?post=47"}],"version-history":[{"count":0,"href":"https:\/\/www.charcoal-machines.com\/pt\/wp-json\/wp\/v2\/pages\/47\/revisions"}],"wp:attachment":[{"href":"https:\/\/www.charcoal-machines.com\/pt\/wp-json\/wp\/v2\/media?parent=47"}],"curies":[{"name":"wp","href":"https:\/\/api.w.org\/{rel}","templated":true}]}}