{"id":7,"date":"2018-08-16T01:42:55","date_gmt":"2018-08-16T01:42:55","guid":{"rendered":"http:\/\/www.charcoal-machines.com\/?page_id=7"},"modified":"2021-04-16T09:33:14","modified_gmt":"2021-04-16T01:33:14","slug":"about-us","status":"publish","type":"page","link":"https:\/\/www.charcoal-machines.com\/fr\/about-us","title":{"rendered":"\u00c0 propos de nous"},"content":{"rendered":"<p class=\"translation-block\"><strong>Lieu de notre entreprise<\/strong><\/p> <p>Zhengzhou Shuliy Machinery Co., Ltd est une entreprise bien connue qui int\u00e8gre la recherche scientifique, le d\u00e9veloppement, la conception, la fabrication et la vente dans son ensemble. Elle est situ\u00e9e dans la zone de d\u00e9veloppement \u00e9conomique et technologique de Zhengzhou, qui est un centre commercial et \u00e9conomique, principalement engag\u00e9e dans l'importation et l'exportation d'\u00e9quipements m\u00e9caniques. Elle compte plus de 300 employ\u00e9s, tous motiv\u00e9s par la joie de travailler en famille.<\/p> <div class=\"col-md-12\"><img decoding=\"async\" class=\"alignnone size-full wp-image-235\" src=\"http:\/\/www.charcoal-machines.com\/wp-content\/uploads\/2018\/08\/aboutus.jpg\" alt=\"\u00e0 propos de nous\" width=\"100%\" srcset=\"https:\/\/www.charcoal-machines.com\/wp-content\/uploads\/2018\/08\/aboutus.jpg 1200w, https:\/\/www.charcoal-machines.com\/wp-content\/uploads\/2018\/08\/aboutus-300x125.jpg 300w, https:\/\/www.charcoal-machines.com\/wp-content\/uploads\/2018\/08\/aboutus-768x320.jpg 768w, https:\/\/www.charcoal-machines.com\/wp-content\/uploads\/2018\/08\/aboutus-1024x427.jpg 1024w\" sizes=\"(max-width: 1200px) 100vw, 1200px\" \/><\/div> <p class=\"translation-block\"><strong><b>Nos principaux produits et notre march\u00e9<\/b><\/strong><\/p> <p>Nos principaux produits incluent le broyeur \u00e0 bois, le s\u00e9choir rotatif, le s\u00e9choir \u00e0 air, la machine \u00e0 briquettes de sciure, le four de carbonisation continu, le four de carbonisation, la machine \u00e0 extruder du charbon et du charbon de bois, la machine de broyage \u00e0 roue, le broyeur de charbon de bois, etc. Ces derni\u00e8res ann\u00e9es, nos produits ont connu une grande popularit\u00e9 sur le march\u00e9 de l'Afrique et de l'Asie du Sud-Est, comme au Nig\u00e9ria, au Kenya, en Afrique du Sud, au Ghana, au Congo, en \u00c9thiopie, en Namibie, au Maroc, au Botswana, au Zimbabwe, en Ouganda, en Alg\u00e9rie et au Cameroun.<\/p> <p class=\"translation-block\"><strong>Notre capacit\u00e9 de R&amp;D<\/strong><\/p> <p>Nous croyons fermement que la technologie est la principale force productive. Guid\u00e9s par ce concept, nous avons investi massivement dans l'embauche de nombreux experts m\u00e9caniques exceptionnels en tant que consultants, ce qui nous donne une excellente capacit\u00e9 \u00e0 rechercher et d\u00e9velopper de nouveaux produits et \u00e0 am\u00e9liorer la qualit\u00e9 des machines traditionnelles.<\/p> <p class=\"translation-block\"><strong>Notre QC et notre service<\/strong><\/p> <p>Nous visons toujours l'excellence. Gr\u00e2ce \u00e0 une main-d'\u0153uvre bien form\u00e9e, un syst\u00e8me d'assurance qualit\u00e9 strict, une gestion optimis\u00e9e de l'ensemble du processus de production et des syst\u00e8mes de service apr\u00e8s-vente parfaits, nos produits et services sont tr\u00e8s appr\u00e9ci\u00e9s par les clients nationaux et internationaux. Bas\u00e9 sur le principe de la qualit\u00e9, d'une bonne r\u00e9putation et de la priorit\u00e9 au client, nous avons la foi de cr\u00e9er des produits de haute qualit\u00e9 dans les secteurs concern\u00e9s et de r\u00e9aliser de grandes performances pour les \u00e2ges \u00e0 venir. Nous sommes profond\u00e9ment engag\u00e9s \u00e0 fournir des produits de qualit\u00e9 sup\u00e9rieure et un service satisfaisant \u00e0 tous les clients et nous nous r\u00e9jouissons de la coop\u00e9ration sinc\u00e8re avec eux pour un avenir radieux. Notre entreprise vise \u00e0 innover dans la pratique et \u00e0 fournir une garantie fiable de la production \u00e0 la vente. Notre d\u00e9claration de qualit\u00e9 se r\u00e9sume \u00e0 un seul mot : engagement - envers l'agriculture, les agriculteurs et les consommateurs de produits, que nous nous effor\u00e7ons de respecter chaque jour.<\/p> <p class=\"translation-block\"><strong>Nos objectifs pour l'Afrique<\/strong><\/p> <p>Depuis la cr\u00e9ation de la R\u00e9publique populaire de Chine en 1949, elle accorde toujours une grande attention \u00e0 l'agriculture. De nos jours, la Chine est l'un des plus grands pays agricoles du monde. Le gouvernement chinois appelle les entreprises chinoises \u00e0 aider et soutenir le d\u00e9veloppement africain ces derni\u00e8res ann\u00e9es. En tant que l'un des fournisseurs d'agriculture les plus professionnels en Chine, notre entreprise a acquis beaucoup d'exp\u00e9rience dans les machines agricoles et ma\u00eetrise une technologie avanc\u00e9e au cours de son d\u00e9veloppement depuis 70 ans. Nous r\u00e9pondons positivement \u00e0 la politique du gouvernement et participons \u00e0 des expositions, enqu\u00eatons sur le march\u00e9 africain et fournissons nos machines agricoles \u00e0 bas prix et de haute qualit\u00e9. Nous resterons fid\u00e8les \u00e0 notre premi\u00e8re aspiration d'aider les agriculteurs \u00e0 r\u00e9colter plus de grains et \u00e0 r\u00e9soudre le probl\u00e8me de l'alimentation et de l'agriculture. Nous aimons le monde et la paix et visons \u00e0 unir nos efforts avec nos amis africains pour cr\u00e9er de belles vies.<\/p>","protected":false},"excerpt":{"rendered":"<p>Notre entreprise, Zhengzhou Shuliy Machinery Co., Ltd, est une entreprise bien connue qui int\u00e8gre la recherche scientifique, le d\u00e9veloppement, la conception, la fabrication et la vente dans son ensemble. Elle est situ\u00e9e dans la zone de d\u00e9veloppement \u00e9conomique et technologique de Zhengzhou, qui est un centre commercial et \u00e9conomique, principalement engag\u00e9e dans l'importation et l'exportation d'\u00e9quipements m\u00e9caniques. Ici, nous sommes dot\u00e9s de\u2026<\/p>","protected":false},"author":1,"featured_media":0,"parent":0,"menu_order":0,"comment_status":"open","ping_status":"closed","template":"","meta":{"_kad_blocks_custom_css":"","_kad_blocks_head_custom_js":"","_kad_blocks_body_custom_js":"","_kad_blocks_footer_custom_js":"","_kadence_starter_templates_imported_post":false,"_kad_post_transparent":"","_kad_post_title":"","_kad_post_layout":"","_kad_post_sidebar_id":"","_kad_post_content_style":"","_kad_post_vertical_padding":"","_kad_post_feature":"","_kad_post_feature_position":"","_kad_post_header":false,"_kad_post_footer":false,"_kad_post_classname":"","footnotes":""},"class_list":["post-7","page","type-page","status-publish","hentry"],"taxonomy_info":[],"featured_image_src_large":false,"author_info":{"display_name":"Lolita","author_link":"https:\/\/www.charcoal-machines.com\/fr\/author\/admin"},"comment_info":0,"_links":{"self":[{"href":"https:\/\/www.charcoal-machines.com\/fr\/wp-json\/wp\/v2\/pages\/7","targetHints":{"allow":["GET"]}}],"collection":[{"href":"https:\/\/www.charcoal-machines.com\/fr\/wp-json\/wp\/v2\/pages"}],"about":[{"href":"https:\/\/www.charcoal-machines.com\/fr\/wp-json\/wp\/v2\/types\/page"}],"author":[{"embeddable":true,"href":"https:\/\/www.charcoal-machines.com\/fr\/wp-json\/wp\/v2\/users\/1"}],"replies":[{"embeddable":true,"href":"https:\/\/www.charcoal-machines.com\/fr\/wp-json\/wp\/v2\/comments?post=7"}],"version-history":[{"count":0,"href":"https:\/\/www.charcoal-machines.com\/fr\/wp-json\/wp\/v2\/pages\/7\/revisions"}],"wp:attachment":[{"href":"https:\/\/www.charcoal-machines.com\/fr\/wp-json\/wp\/v2\/media?parent=7"}],"curies":[{"name":"wp","href":"https:\/\/api.w.org\/{rel}","templated":true}]}}