{"id":49,"date":"2018-08-22T02:48:32","date_gmt":"2018-08-22T02:48:32","guid":{"rendered":"http:\/\/www.charcoal-machines.com\/?page_id=49"},"modified":"2022-12-07T10:55:22","modified_gmt":"2022-12-07T02:55:22","slug":"charcoal-briquette-production-line","status":"publish","type":"page","link":"https:\/\/www.charcoal-machines.com\/fr\/charcoal-briquette-production-line","title":{"rendered":"ligne de production de briquettes de charbon"},"content":{"rendered":"<p class=\"translation-block\"><strong>Ligne de production de briquettes de charbon de bois\/Ligne de production de briquettes de charbon de bois\/Ligne de production de briquettes de shisha<\/strong><\/p>    <figure class=\"wp-block-image\"><img decoding=\"async\" src=\"http:\/\/www.charcoal-machines.com\/wp-content\/uploads\/2018\/09\/Charcoal.jpg\" alt=\"\" class=\"wp-image-266\"><\/figure>    <div class=\"col-md-12\"><\/div>    <p class=\"translation-block\"><strong><b>Flux de travail de la machine de fabrication de briquettes de sciure de bois :<\/b><\/strong><\/p>    <p class=\"translation-block\">Four de carbonisation en continu - Broyeur - Convoyeur - Machine de broyage et de m\u00e9lange de charbon de bois - Convoyeur \u00e0 vis - <a href=\"https:\/\/www.charcoal-machines.com\/fr\/sawdust-charcoal-briquette-production-line\/\">Machine \u00e0 briquettes de charbon de bois<\/a> - Convoyeur \u00e0 bande - S\u00e9choir<\/p>    <ul class=\"wp-block-list\"> <li><strong><b>Fours de carbonisation continus<\/b><\/strong>-si la petite mati\u00e8re premi\u00e8re est des coques de noix de coco, de la sciure, des coques de riz, des coques d'arachide, de la paille, de l'\u00e9corce d'arbre, de petits d\u00e9chets de bois et d'autres mati\u00e8res premi\u00e8res contenant de la biomasse, cette machine peut d'abord les transformer en charbon. La taille de la mati\u00e8re premi\u00e8re est inf\u00e9rieure \u00e0 15 mm. Ce four de carbonisation continue est sans fum\u00e9e, \u00e9cologique, continu, et a \u00e9galement une grande capacit\u00e9 pouvant produire environ 300-500 kg\/h. Cette machine est la premi\u00e8re \u00e9tape de. <strong><b>ligne de production de briquettes de charbon<\/b><\/strong><\/li>    <li>Le broyeur - cette machine sert \u00e0 broyer le charbon en petites tailles ou en poudre, elle peut \u00eatre \u00e9quip\u00e9e d'un convoyeur \u00e0 vis apr\u00e8s le broyage.<\/li>    <li><strong><b>Convoyeur \u00e0 vis<\/b><\/strong>- le convoyeur peut transporter la poudre de charbon vers la machine de broyage et de m\u00e9lange de charbon, ce qui permet d'\u00e9conomiser beaucoup de main-d'\u0153uvre.<\/li>    <li><strong><b>Machine de broyage et de m\u00e9lange de charbon de bois<\/b><\/strong>-la poudre de charbon est tr\u00e8s l\u00e9g\u00e8re, cette machine peut broyer la poudre de charbon \u00e0 haute densit\u00e9, et elle a la fonction de m\u00e9lange, elle peut m\u00e9langer le liant avec le charbon. si la mati\u00e8re premi\u00e8re est du charbon, cette machine est la machine n\u00e9cessaire. <strong><b>ligne de production de briquettes de charbon.<\/b><\/strong><\/li>    <li><strong><b>Convoyeur \u00e0 vis<\/b><\/strong>- cette machine sert \u00e0 transporter le m\u00e9lange de mati\u00e8res premi\u00e8res vers une machine \u00e0 briquettes.<\/li>    <li><strong><b>machine \u00e0 briquettes de charbon<\/b><\/strong>- cette machine sert \u00e0 transformer la poudre de charbon en briquettes, la forme des briquettes peut \u00eatre une boule de charbon, une barre de charbon, du charbon en nid d'abeille, des briquettes de charbon \u00e0 shisha, des cubes de charbon.<\/li>    <li><strong><b>convoyeur \u00e0 bande<\/b><\/strong>- cette machine sert \u00e0 transporter les briquettes de charbon ou de charbon vers un s\u00e9choir \u00e0 bande.<\/li>    <li><strong><b>Machine \u00e0 s\u00e9cher<\/b><\/strong>-la machine \u00e0 s\u00e9cher peut s\u00e9cher les briquettes de charbon rapidement, \u00e0 l'int\u00e9rieur se trouvent plusieurs couches de s\u00e9choir \u00e0 bande en maille, nous pouvons personnaliser la couche et la longueur selon les demandes du client. Dans le <strong><b>ligne de production de briquettes de charbon<\/b><\/strong>, la machine \u00e0 s\u00e9cher n'est pas n\u00e9cessaire, le client peut \u00e9galement s\u00e9cher les briquettes au soleil.<\/li>    <li><\/li> <\/ul>   <div class=\"kk-star-ratings kksr-auto kksr-align-right kksr-valign-bottom\"     data-payload='{&quot;align&quot;:&quot;right&quot;,&quot;id&quot;:&quot;49&quot;,&quot;slug&quot;:&quot;default&quot;,&quot;valign&quot;:&quot;bottom&quot;,&quot;ignore&quot;:&quot;&quot;,&quot;reference&quot;:&quot;auto&quot;,&quot;class&quot;:&quot;&quot;,&quot;count&quot;:&quot;24&quot;,&quot;legendonly&quot;:&quot;&quot;,&quot;readonly&quot;:&quot;&quot;,&quot;score&quot;:&quot;5&quot;,&quot;starsonly&quot;:&quot;&quot;,&quot;best&quot;:&quot;5&quot;,&quot;gap&quot;:&quot;4&quot;,&quot;greet&quot;:&quot;Rate this page&quot;,&quot;legend&quot;:&quot;5\\\/5 - (24 votes)&quot;,&quot;size&quot;:&quot;24&quot;,&quot;title&quot;:&quot;Charcoal briquette production line&quot;,&quot;width&quot;:&quot;138&quot;,&quot;_legend&quot;:&quot;{score}\\\/{best} - ({count} {votes})&quot;,&quot;font_factor&quot;:&quot;1.25&quot;}'>              <div class=\"kksr-stars\">      <div class=\"kksr-stars-inactive\">             <div class=\"kksr-star\" data-star=\"1\" style=\"padding-right: 4px\">               <div class=\"kksr-icon\" style=\"width: 24px; height: 24px;\"><\/div>         <\/div>             <div class=\"kksr-star\" data-star=\"2\" style=\"padding-right: 4px\">               <div class=\"kksr-icon\" style=\"width: 24px; height: 24px;\"><\/div>         <\/div>             <div class=\"kksr-star\" data-star=\"3\" style=\"padding-right: 4px\">               <div class=\"kksr-icon\" style=\"width: 24px; height: 24px;\"><\/div>         <\/div>             <div class=\"kksr-star\" data-star=\"4\" style=\"padding-right: 4px\">               <div class=\"kksr-icon\" style=\"width: 24px; height: 24px;\"><\/div>         <\/div>             <div class=\"kksr-star\" data-star=\"5\" style=\"padding-right: 4px\">               <div class=\"kksr-icon\" style=\"width: 24px; height: 24px;\"><\/div>         <\/div>     <\/div>      <div class=\"kksr-stars-active\" style=\"width: 138px;\">             <div class=\"kksr-star\" style=\"padding-right: 4px\">               <div class=\"kksr-icon\" style=\"width: 24px; height: 24px;\"><\/div>         <\/div>             <div class=\"kksr-star\" style=\"padding-right: 4px\">               <div class=\"kksr-icon\" style=\"width: 24px; height: 24px;\"><\/div>         <\/div>             <div class=\"kksr-star\" style=\"padding-right: 4px\">               <div class=\"kksr-icon\" style=\"width: 24px; height: 24px;\"><\/div>         <\/div>             <div class=\"kksr-star\" style=\"padding-right: 4px\">               <div class=\"kksr-icon\" style=\"width: 24px; height: 24px;\"><\/div>         <\/div>             <div class=\"kksr-star\" style=\"padding-right: 4px\">               <div class=\"kksr-icon\" style=\"width: 24px; height: 24px;\"><\/div>         <\/div>     <\/div> <\/div>                   <div class=\"kksr-legend\" style=\"font-size: 19.2px;\">             5\/5 - (24 votes)    <\/div>     <\/div>","protected":false},"excerpt":{"rendered":"<p>Ligne de production de briquettes de charbon de bois \/ Ligne de production de briquettes de charbon de bois en boule \/ Ligne de production de briquettes de chicha. Flux de travail de la machine \u00e0 fabriquer du charbon de bois \u00e0 partir de sciure : four de carbonisation continu - broyeur - convoyeur - machine de broyage et de m\u00e9lange de charbon - convoyeur \u00e0 vis - machine \u00e0 briquettes de charbon - convoyeur \u00e0 bande - machine de s\u00e9chage.<\/p>","protected":false},"author":1,"featured_media":0,"parent":0,"menu_order":0,"comment_status":"open","ping_status":"open","template":"","meta":{"_kad_blocks_custom_css":"","_kad_blocks_head_custom_js":"","_kad_blocks_body_custom_js":"","_kad_blocks_footer_custom_js":"","_kadence_starter_templates_imported_post":false,"_kad_post_transparent":"","_kad_post_title":"","_kad_post_layout":"","_kad_post_sidebar_id":"","_kad_post_content_style":"","_kad_post_vertical_padding":"","_kad_post_feature":"","_kad_post_feature_position":"","_kad_post_header":false,"_kad_post_footer":false,"_kad_post_classname":"","footnotes":""},"class_list":["post-49","page","type-page","status-publish","hentry"],"taxonomy_info":[],"featured_image_src_large":false,"author_info":{"display_name":"Lolita","author_link":"https:\/\/www.charcoal-machines.com\/fr\/author\/admin"},"comment_info":6,"_links":{"self":[{"href":"https:\/\/www.charcoal-machines.com\/fr\/wp-json\/wp\/v2\/pages\/49","targetHints":{"allow":["GET"]}}],"collection":[{"href":"https:\/\/www.charcoal-machines.com\/fr\/wp-json\/wp\/v2\/pages"}],"about":[{"href":"https:\/\/www.charcoal-machines.com\/fr\/wp-json\/wp\/v2\/types\/page"}],"author":[{"embeddable":true,"href":"https:\/\/www.charcoal-machines.com\/fr\/wp-json\/wp\/v2\/users\/1"}],"replies":[{"embeddable":true,"href":"https:\/\/www.charcoal-machines.com\/fr\/wp-json\/wp\/v2\/comments?post=49"}],"version-history":[{"count":0,"href":"https:\/\/www.charcoal-machines.com\/fr\/wp-json\/wp\/v2\/pages\/49\/revisions"}],"wp:attachment":[{"href":"https:\/\/www.charcoal-machines.com\/fr\/wp-json\/wp\/v2\/media?parent=49"}],"curies":[{"name":"wp","href":"https:\/\/api.w.org\/{rel}","templated":true}]}}