{"id":47,"date":"2018-08-22T02:47:46","date_gmt":"2018-08-22T02:47:46","guid":{"rendered":"http:\/\/www.charcoal-machines.com\/?page_id=47"},"modified":"2024-09-19T16:39:38","modified_gmt":"2024-09-19T08:39:38","slug":"sawdust-charcoal-briquette-production-line","status":"publish","type":"page","link":"https:\/\/www.charcoal-machines.com\/fr\/sawdust-charcoal-briquette-production-line","title":{"rendered":"Ligne de production de briquettes de charbon de sciure"},"content":{"rendered":"<p class=\"translation-block\"><strong>Ligne de production de briquettes de charbon \/ Machine de fabrication de briquettes de charbon \/ Ligne de production de charbon<\/strong><\/p> <div class=\"col-md-12\"><img decoding=\"async\" class=\"alignnone size-full wp-image-267\" src=\"http:\/\/www.charcoal-machines.com\/wp-content\/uploads\/2018\/08\/Charcoal-briquette-production-line1.jpg\" alt=\"ligne de production de briquettes de charbon\" width=\"100%\" srcset=\"https:\/\/www.charcoal-machines.com\/wp-content\/uploads\/2018\/08\/Charcoal-briquette-production-line1.jpg 1200w, https:\/\/www.charcoal-machines.com\/wp-content\/uploads\/2018\/08\/Charcoal-briquette-production-line1-300x130.jpg 300w, https:\/\/www.charcoal-machines.com\/wp-content\/uploads\/2018\/08\/Charcoal-briquette-production-line1-768x332.jpg 768w, https:\/\/www.charcoal-machines.com\/wp-content\/uploads\/2018\/08\/Charcoal-briquette-production-line1-1024x443.jpg 1024w\" sizes=\"(max-width: 1200px) 100vw, 1200px\" \/><\/div> <p class=\"translation-block\"><strong><b>Flux de travail :<\/b><\/strong><br \/> broyeur \u00e0 bois-convoyeur-machine de s\u00e9chage-convoyeur-machine automatique d'alimentation en sciure de bois-machine \u00e0 briquettes de charbon-convoyeur \u00e0 mailles-four de carbonisation<\/p> <p class=\"translation-block\"><strong><b>Description :<\/b><\/strong><\/p> <p class=\"translation-block\"><strong><b>\u00a0 \u00a0 <a href=\"http:\/\/www.charcoal-machines.com\/fr\/wood-crusher.html\">\u00a0broyeur \u00e0 bois<\/a> :<\/b><\/strong><\/p> <p class=\"translation-block\">Le broyeur est adapt\u00e9 pour broyer du bois brut avec une taille inf\u00e9rieure \u00e0 200 mm (diam\u00e8tre). Apr\u00e8s broyage, la taille de sortie peut atteindre un diam\u00e8tre de 3-5 mm, ce qui est adapt\u00e9 pour un traitement ult\u00e9rieur, plus adapt\u00e9 pour <strong><b>la ligne de production de briquettes de charbon de sciure.<\/b><\/strong><\/p> <ul> <li><b><\/b><strong><b>Convoyeur \u00e0 vis<\/b><\/strong>:Il est utilis\u00e9 pour transf\u00e9rer la poudre vers le s\u00e9choir. Vous pouvez \u00e9galement utiliser la main-d'\u0153uvre \u00e0 la place de cette machine.<\/li> <li><b><\/b><strong><b>S\u00e9chage de sciure :<\/b><\/strong>Si l'humidit\u00e9 de la poudre est sup\u00e9rieure \u00e0 12%. Alors vous pouvez utiliser cette machine. Cette machine est utilis\u00e9e pour s\u00e9cher la poudre \u00e0 8%-12% pour un bon fonctionnement de <strong><b>machine \u00e0 briquettes de charbon de sciure.<\/b><\/strong><\/li> <li><b><\/b><strong><b>Machine d'alimentation automatique et machine \u00e0 briquettes :<\/b><\/strong>Il est utilis\u00e9 pour distribuer la poudre et transformer la poudre en briquette. L'humidit\u00e9 de la poudre doit \u00eatre comprise entre 8 et 12 % pour un bon fonctionnement. Cette machine peut fabriquer le <strong><b>ligne de production de briquettes de charbon de bois \u00e0 base de sciure<\/b><\/strong><b><\/b>plus automatique et haute efficacit\u00e9.<\/li> <li><b><\/b><strong><b>Convoyeur \u00e0 bande en maille :<\/b><\/strong>Cette machine est destin\u00e9e aux briquettes de sciure, les briquettes sont chaudes apr\u00e8s avoir \u00e9t\u00e9 produites par la machine, il est pr\u00e9f\u00e9rable d'utiliser un convoyeur pour le refroidissement et le transport. Les briquettes de sciure sont tr\u00e8s chaudes. <strong><b>machine \u00e0 briquettes de charbon de sciure.<\/b><\/strong>, cette machine peut \u00e9viter que l'homme ne se br\u00fble.<\/li> <div class=\"video-responsive\"><iframe loading=\"lazy\" width=\"560\" height=\"315\" src=\"https:\/\/www.youtube.com\/embed\/xhR8-BHiw-Q\" frameborder=\"0\" allow=\"accelerometer; autoplay; encrypted-media; gyroscope; picture-in-picture\" allowfullscreen=\"\"><\/iframe><\/div> <li><b><\/b><strong><b><a href=\"http:\/\/www.charcoal-machines.com\/fr\/continuous-carbonization-furnace.html\">four de carbonisation<\/a>:<\/b><\/strong>Comprend une chambre de chauffage (pour chauffer le po\u00eale), le corps du four et une couche de conservation de la chaleur (elle est faite de mat\u00e9riau isolant thermique, utilis\u00e9 pour conserver la chaleur). Se compose du corps du r\u00e9servoir du po\u00eale et du capuchon sup\u00e9rieur scell\u00e9. Les deux sont fabriqu\u00e9s en acier thermique r\u00e9sistant \u00e0 la chaleur. Un ensemble de po\u00eale ext\u00e9rieur comprend deux ou trois paniers de carbonisation, avec des diam\u00e8tres de 1550 mm, 1460 mm et 1430 mm, et les trois paniers de carbonisation peuvent \u00eatre empil\u00e9s ensemble, ce qui facilite le chargement et le transport, et cela permettra d'\u00e9conomiser beaucoup d'espace et de frais de transport.<\/li> <\/ul>","protected":false},"excerpt":{"rendered":"<p>Ligne de production de briquettes de charbon \/ Machine de fabrication de briquettes de charbon \/ Ligne de production de charbon Flux de travail : broyeur \u00e0 bois - convoyeur - machine \u00e0 s\u00e9cher - convoyeur - machine d'alimentation automatique en sciure - machine \u00e0 briquettes de charbon - convoyeur \u00e0 mailles - four de carbonisation Description : broyeur \u00e0 bois : Le broyeur est adapt\u00e9 pour broyer du bois brut de taille inf\u00e9rieure \u00e0 200 mm (diam\u00e8tre). Apr\u00e8s broyage, la taille de sortie peut atteindre un diam\u00e8tre de 3-5 mm, ce qui est adapt\u00e9 pour un traitement ult\u00e9rieur, plus\u2026<\/p>","protected":false},"author":1,"featured_media":0,"parent":0,"menu_order":0,"comment_status":"open","ping_status":"closed","template":"","meta":{"_kad_blocks_custom_css":"","_kad_blocks_head_custom_js":"","_kad_blocks_body_custom_js":"","_kad_blocks_footer_custom_js":"","_kadence_starter_templates_imported_post":false,"_kad_post_transparent":"","_kad_post_title":"","_kad_post_layout":"","_kad_post_sidebar_id":"","_kad_post_content_style":"","_kad_post_vertical_padding":"","_kad_post_feature":"","_kad_post_feature_position":"","_kad_post_header":false,"_kad_post_footer":false,"_kad_post_classname":"","footnotes":""},"class_list":["post-47","page","type-page","status-publish","hentry"],"taxonomy_info":[],"featured_image_src_large":false,"author_info":{"display_name":"Lolita","author_link":"https:\/\/www.charcoal-machines.com\/fr\/author\/admin"},"comment_info":3,"_links":{"self":[{"href":"https:\/\/www.charcoal-machines.com\/fr\/wp-json\/wp\/v2\/pages\/47","targetHints":{"allow":["GET"]}}],"collection":[{"href":"https:\/\/www.charcoal-machines.com\/fr\/wp-json\/wp\/v2\/pages"}],"about":[{"href":"https:\/\/www.charcoal-machines.com\/fr\/wp-json\/wp\/v2\/types\/page"}],"author":[{"embeddable":true,"href":"https:\/\/www.charcoal-machines.com\/fr\/wp-json\/wp\/v2\/users\/1"}],"replies":[{"embeddable":true,"href":"https:\/\/www.charcoal-machines.com\/fr\/wp-json\/wp\/v2\/comments?post=47"}],"version-history":[{"count":0,"href":"https:\/\/www.charcoal-machines.com\/fr\/wp-json\/wp\/v2\/pages\/47\/revisions"}],"wp:attachment":[{"href":"https:\/\/www.charcoal-machines.com\/fr\/wp-json\/wp\/v2\/media?parent=47"}],"curies":[{"name":"wp","href":"https:\/\/api.w.org\/{rel}","templated":true}]}}