{"id":7,"date":"2018-08-16T01:42:55","date_gmt":"2018-08-16T01:42:55","guid":{"rendered":"http:\/\/www.charcoal-machines.com\/?page_id=7"},"modified":"2021-04-16T09:33:14","modified_gmt":"2021-04-16T01:33:14","slug":"about-us","status":"publish","type":"page","link":"https:\/\/www.charcoal-machines.com\/es\/about-us","title":{"rendered":"Sobre nosotros"},"content":{"rendered":"<p class=\"translation-block\"><strong>Nuestra Ubicaci\u00f3n de la Empresa<\/strong><\/p> <p>Zhengzhou Shuliy Machinery Co., Ltd es una empresa bien conocida que integra la investigaci\u00f3n cient\u00edfica, el desarrollo, el dise\u00f1o, la fabricaci\u00f3n y las ventas como un todo. Est\u00e1 ubicada en la Zona de Desarrollo Econ\u00f3mico y Tecnol\u00f3gico de Zhengzhou, que es un centro comercial y econ\u00f3mico, dedic\u00e1ndose principalmente a la importaci\u00f3n y exportaci\u00f3n de equipos mec\u00e1nicos. Aqu\u00ed cuenta con m\u00e1s de 300 empleados, todos motivados por la alegr\u00eda de trabajar como una familia.<\/p> <div class=\"col-md-12\"><img decoding=\"async\" class=\"alignnone size-full wp-image-235\" src=\"http:\/\/www.charcoal-machines.com\/wp-content\/uploads\/2018\/08\/aboutus.jpg\" alt=\"sobre nosotros\" width=\"100%\" srcset=\"https:\/\/www.charcoal-machines.com\/wp-content\/uploads\/2018\/08\/aboutus.jpg 1200w, https:\/\/www.charcoal-machines.com\/wp-content\/uploads\/2018\/08\/aboutus-300x125.jpg 300w, https:\/\/www.charcoal-machines.com\/wp-content\/uploads\/2018\/08\/aboutus-768x320.jpg 768w, https:\/\/www.charcoal-machines.com\/wp-content\/uploads\/2018\/08\/aboutus-1024x427.jpg 1024w\" sizes=\"(max-width: 1200px) 100vw, 1200px\" \/><\/div> <p class=\"translation-block\"><strong><b>Nuestros Productos Principales y Mercado<\/b><\/strong><\/p> <p>Nuestros productos principales incluyen la trituradora de madera, el secador rotatorio, el secador por flujo de aire, la m\u00e1quina de briquetas de aserr\u00edn, el horno de carbonizaci\u00f3n continuo, el horno de carbonizaci\u00f3n, la m\u00e1quina extrusora de carb\u00f3n y carb\u00f3n vegetal, la m\u00e1quina de molienda por rueda, la trituradora de carb\u00f3n vegetal, etc. En los \u00faltimos a\u00f1os, nuestros productos han disfrutado de gran popularidad en el mercado de \u00c1frica y el sudeste asi\u00e1tico, como Nigeria, Kenia, Sud\u00e1frica, Ghana, Congo, Etiop\u00eda, Namibia, Marruecos, Botsuana, Zimbabue, Uganda, Argelia, Camer\u00fan.<\/p> <p class=\"translation-block\"><strong>Nuestra Capacidad de I+D<\/strong><\/p> <p>Siempre creemos firmemente que la tecnolog\u00eda es la fuerza productiva principal. Guiados por tal concepto, hemos realizado una gran inversi\u00f3n en contratar a muchos expertos mec\u00e1nicos destacados como nuestros consultores, por lo que tenemos una excelente capacidad para investigar y desarrollar nuevos productos y mejorar la calidad de la maquinaria tradicional.<\/p> <p class=\"translation-block\"><strong>Nuestra QC y Servicio<\/strong><\/p> <p>Siempre nos esforzamos por la excelencia. Gracias a la mano de obra bien capacitada, un estricto sistema de aseguramiento de la calidad, la gesti\u00f3n optimizada de todo el proceso de producci\u00f3n y sistemas de servicio postventa perfectos, nuestros productos y servicios son muy elogiados por clientes nacionales y extranjeros. Basados en el principio de calidad orientada, buena reputaci\u00f3n y el cliente primero, mantenemos la fe en crear productos de alta calidad entre las industrias relevantes y lograr un gran rendimiento a lo largo de los a\u00f1os. Estamos muy dedicados a proporcionar productos de calidad premium y un servicio satisfactorio a todos los clientes y esperamos una cooperaci\u00f3n sincera con ellos para un futuro brillante. Nuestra empresa tiene como objetivo innovar en la pr\u00e1ctica y ofrecer una garant\u00eda confiable desde la producci\u00f3n hasta la venta. Nuestra declaraci\u00f3n de calidad se reduce a una sola palabra: compromiso, hacia la agricultura, los agricultores y los consumidores de productos, que nos esforzamos por cumplir cada d\u00eda.<\/p> <p class=\"translation-block\"><strong>Nuestros Objetivos para \u00c1frica<\/strong><\/p> <p>Desde que se fund\u00f3 la Rep\u00fablica Popular de China en 1949, siempre ha prestado mucha atenci\u00f3n a la agricultura. Hoy en d\u00eda, China se ha convertido en uno de los pa\u00edses agr\u00edcolas m\u00e1s grandes del mundo. El gobierno chino ha llamado a las empresas chinas a asistir y apoyar el desarrollo africano en los \u00faltimos a\u00f1os. Como uno de los proveedores de agricultura m\u00e1s profesionales de China, nuestra empresa tiene mucha experiencia en m\u00e1quinas agr\u00edcolas y domina la tecnolog\u00eda avanzada durante el desarrollo de 70 a\u00f1os. Respondemos positivamente a la pol\u00edtica del gobierno y participamos en exposiciones, investigando el mercado africano y proporcionando nuestras m\u00e1quinas agr\u00edcolas a bajo precio y alta calidad. Mantendremos nuestra primera aspiraci\u00f3n de ayudar a los agricultores a cosechar m\u00e1s granos y resolver el problema de la Alimentaci\u00f3n y la Agricultura. Amamos al mundo y la paz y tenemos como objetivo unirnos en esfuerzos concertados con amigos africanos para crear vidas hermosas.<\/p>","protected":false},"excerpt":{"rendered":"<p>Nuestra ubicaci\u00f3n de la empresa Zhengzhou Shuliy Machinery Co., Ltd es una empresa bien conocida que integra investigaci\u00f3n cient\u00edfica, desarrollo, dise\u00f1o, fabricaci\u00f3n y ventas como un todo. Est\u00e1 ubicada en la Zona de Desarrollo Econ\u00f3mico y Tecnol\u00f3gico de Zhengzhou, que es un centro comercial y econ\u00f3mico, dedic\u00e1ndose principalmente a la importaci\u00f3n y exportaci\u00f3n de equipos mec\u00e1nicos. Aqu\u00ed se potencia con...<\/p>","protected":false},"author":1,"featured_media":0,"parent":0,"menu_order":0,"comment_status":"open","ping_status":"closed","template":"","meta":{"_kad_blocks_custom_css":"","_kad_blocks_head_custom_js":"","_kad_blocks_body_custom_js":"","_kad_blocks_footer_custom_js":"","_kadence_starter_templates_imported_post":false,"_kad_post_transparent":"","_kad_post_title":"","_kad_post_layout":"","_kad_post_sidebar_id":"","_kad_post_content_style":"","_kad_post_vertical_padding":"","_kad_post_feature":"","_kad_post_feature_position":"","_kad_post_header":false,"_kad_post_footer":false,"_kad_post_classname":"","footnotes":""},"class_list":["post-7","page","type-page","status-publish","hentry"],"taxonomy_info":[],"featured_image_src_large":false,"author_info":{"display_name":"Lolita","author_link":"https:\/\/www.charcoal-machines.com\/es\/author\/admin"},"comment_info":0,"_links":{"self":[{"href":"https:\/\/www.charcoal-machines.com\/es\/wp-json\/wp\/v2\/pages\/7","targetHints":{"allow":["GET"]}}],"collection":[{"href":"https:\/\/www.charcoal-machines.com\/es\/wp-json\/wp\/v2\/pages"}],"about":[{"href":"https:\/\/www.charcoal-machines.com\/es\/wp-json\/wp\/v2\/types\/page"}],"author":[{"embeddable":true,"href":"https:\/\/www.charcoal-machines.com\/es\/wp-json\/wp\/v2\/users\/1"}],"replies":[{"embeddable":true,"href":"https:\/\/www.charcoal-machines.com\/es\/wp-json\/wp\/v2\/comments?post=7"}],"version-history":[{"count":0,"href":"https:\/\/www.charcoal-machines.com\/es\/wp-json\/wp\/v2\/pages\/7\/revisions"}],"wp:attachment":[{"href":"https:\/\/www.charcoal-machines.com\/es\/wp-json\/wp\/v2\/media?parent=7"}],"curies":[{"name":"wp","href":"https:\/\/api.w.org\/{rel}","templated":true}]}}