{"id":49,"date":"2018-08-22T02:48:32","date_gmt":"2018-08-22T02:48:32","guid":{"rendered":"http:\/\/www.charcoal-machines.com\/?page_id=49"},"modified":"2022-12-07T10:55:22","modified_gmt":"2022-12-07T02:55:22","slug":"charcoal-briquette-production-line","status":"publish","type":"page","link":"https:\/\/www.charcoal-machines.com\/es\/charcoal-briquette-production-line","title":{"rendered":"L\u00ednea de producci\u00f3n de briquetas de carb\u00f3n"},"content":{"rendered":"<p class=\"translation-block\"><strong>L\u00ednea de producci\u00f3n de briquetas de carb\u00f3n\/L\u00ednea de producci\u00f3n de briquetas de bola de carb\u00f3n\/L\u00ednea de producci\u00f3n de briquetas de carb\u00f3n para shisha<\/strong><\/p>    <figure class=\"wp-block-image\"><img decoding=\"async\" src=\"http:\/\/www.charcoal-machines.com\/wp-content\/uploads\/2018\/09\/Charcoal.jpg\" alt=\"\" class=\"wp-image-266\"><\/figure>    <div class=\"col-md-12\"><\/div>    <p class=\"translation-block\"><strong><b>Flujo de trabajo de la m\u00e1quina para fabricar carb\u00f3n de serr\u00edn:<\/b><\/strong><\/p>    <p class=\"translation-block\">Horno de carbonizaci\u00f3n continua-Trituradora-Transportador-M\u00e1quina de molienda y mezcla de carb\u00f3n-Transportador de tornillo-<a href=\"https:\/\/www.charcoal-machines.com\/es\/sawdust-charcoal-briquette-production-line\/\">M\u00e1quina de briquetas de carb\u00f3n<\/a>-Transportador de banda-M\u00e1quina secadora<\/p>    <ul class=\"wp-block-list\"> <li><strong><b>Horno de carbonizaci\u00f3n continua<\/b><\/strong>-si la peque\u00f1a materia prima son c\u00e1scaras de coco, aserr\u00edn, c\u00e1scara de arroz, c\u00e1scara de cacahuate, paja, corteza de \u00e1rbol, peque\u00f1os residuos de madera y otras materias primas con contenido de biomasa, se puede usar esta m\u00e1quina para convertirlas en carb\u00f3n, el tama\u00f1o de la materia prima debe ser inferior a 15 mm. Este horno de carbonizaci\u00f3n continua es sin humo, ecol\u00f3gico, continuo y tiene una gran capacidad, puede producir alrededor de 300-500 kg\/h. Esta m\u00e1quina es el primer paso de <strong><b>L\u00ednea de producci\u00f3n de briquetas de carb\u00f3n<\/b><\/strong><\/li>    <li>La trituradora - esta m\u00e1quina sirve para triturar el carb\u00f3n en un tama\u00f1o peque\u00f1o o en polvo, se puede equipar con un transportador de tornillo despu\u00e9s de triturar.<\/li>    <li><strong><b>Transportador de tornillo<\/b><\/strong>-el transportador puede transportar el polvo de carb\u00f3n a la m\u00e1quina de molienda y mezcla de carb\u00f3n, lo que puede ahorrar mucha mano de obra.<\/li>    <li><strong><b>M\u00e1quina de molienda y mezcla de carb\u00f3n<\/b><\/strong>-el polvo de carb\u00f3n es muy ligero, esta m\u00e1quina puede moler el polvo de carb\u00f3n a alta densidad, y tiene la funci\u00f3n de mezclar, puede mezclar el aglutinante con el carb\u00f3n. si la materia prima es carb\u00f3n, esta m\u00e1quina es la m\u00e1quina necesaria de <strong><b>l\u00ednea de producci\u00f3n de briquetas de carb\u00f3n.<\/b><\/strong><\/li>    <li><strong><b>Transportador de tornillo<\/b><\/strong>-esta m\u00e1quina sirve para transportar la materia prima mezclada a una m\u00e1quina de briquetas.<\/li>    <li><strong><b>M\u00e1quina de briquetas de carb\u00f3n<\/b><\/strong>-esta m\u00e1quina es para hacer polvo de carb\u00f3n en briquetas, la forma de la briqueta puede ser bola de carb\u00f3n, barra de carb\u00f3n, carb\u00f3n en panal, briquetas de carb\u00f3n para shisha, cubos de carb\u00f3n.<\/li>    <li><strong><b>Transportador de banda<\/b><\/strong>-esta m\u00e1quina sirve para transportar las briquetas de carb\u00f3n o carb\u00f3n a un secador de cinta de malla.<\/li>    <li><strong><b>M\u00e1quina secadora<\/b><\/strong>-la m\u00e1quina secadora puede secar los briquetas de carb\u00f3n r\u00e1pidamente, en su interior hay varias capas de secador de cinta de malla, podemos personalizar la capa y la longitud seg\u00fan las solicitudes del cliente. En el <strong><b>l\u00ednea de producci\u00f3n de briquetas de carb\u00f3n<\/b><\/strong>, la m\u00e1quina secadora no es necesaria, el cliente tambi\u00e9n puede secar las briquetas al sol.<\/li>    <li><\/li> <\/ul>   <div class=\"kk-star-ratings kksr-auto kksr-align-right kksr-valign-bottom\"     data-payload='{&quot;align&quot;:&quot;right&quot;,&quot;id&quot;:&quot;49&quot;,&quot;slug&quot;:&quot;default&quot;,&quot;valign&quot;:&quot;bottom&quot;,&quot;ignore&quot;:&quot;&quot;,&quot;reference&quot;:&quot;auto&quot;,&quot;class&quot;:&quot;&quot;,&quot;count&quot;:&quot;24&quot;,&quot;legendonly&quot;:&quot;&quot;,&quot;readonly&quot;:&quot;&quot;,&quot;score&quot;:&quot;5&quot;,&quot;starsonly&quot;:&quot;&quot;,&quot;best&quot;:&quot;5&quot;,&quot;gap&quot;:&quot;4&quot;,&quot;greet&quot;:&quot;Rate this page&quot;,&quot;legend&quot;:&quot;5\\\/5 - (24 votos)&quot;,&quot;size&quot;:&quot;24&quot;,&quot;title&quot;:&quot;Charcoal briquette production line&quot;,&quot;width&quot;:&quot;138&quot;,&quot;_legend&quot;:&quot;{score}\\\/{best} - ({count} {votes})&quot;,&quot;font_factor&quot;:&quot;1.25&quot;}'>              <div class=\"kksr-stars\">      <div class=\"kksr-stars-inactive\">             <div class=\"kksr-star\" data-star=\"1\" style=\"padding-right: 4px\">               <div class=\"kksr-icon\" style=\"width: 24px; height: 24px;\"><\/div>         <\/div>             <div class=\"kksr-star\" data-star=\"2\" style=\"padding-right: 4px\">               <div class=\"kksr-icon\" style=\"width: 24px; height: 24px;\"><\/div>         <\/div>             <div class=\"kksr-star\" data-star=\"3\" style=\"padding-right: 4px\">               <div class=\"kksr-icon\" style=\"width: 24px; height: 24px;\"><\/div>         <\/div>             <div class=\"kksr-star\" data-star=\"4\" style=\"padding-right: 4px\">               <div class=\"kksr-icon\" style=\"width: 24px; height: 24px;\"><\/div>         <\/div>             <div class=\"kksr-star\" data-star=\"5\" style=\"padding-right: 4px\">               <div class=\"kksr-icon\" style=\"width: 24px; height: 24px;\"><\/div>         <\/div>     <\/div>      <div class=\"kksr-stars-active\" style=\"width: 138px;\">             <div class=\"kksr-star\" style=\"padding-right: 4px\">               <div class=\"kksr-icon\" style=\"width: 24px; height: 24px;\"><\/div>         <\/div>             <div class=\"kksr-star\" style=\"padding-right: 4px\">               <div class=\"kksr-icon\" style=\"width: 24px; height: 24px;\"><\/div>         <\/div>             <div class=\"kksr-star\" style=\"padding-right: 4px\">               <div class=\"kksr-icon\" style=\"width: 24px; height: 24px;\"><\/div>         <\/div>             <div class=\"kksr-star\" style=\"padding-right: 4px\">               <div class=\"kksr-icon\" style=\"width: 24px; height: 24px;\"><\/div>         <\/div>             <div class=\"kksr-star\" style=\"padding-right: 4px\">               <div class=\"kksr-icon\" style=\"width: 24px; height: 24px;\"><\/div>         <\/div>     <\/div> <\/div>                   <div class=\"kksr-legend\" style=\"font-size: 19.2px;\">             5\/5 - (24 votos)    <\/div>     <\/div>","protected":false},"excerpt":{"rendered":"<p>L\u00ednea de producci\u00f3n de briquetas de carb\u00f3n vegetal \/ L\u00ednea de producci\u00f3n de briquetas de bola de carb\u00f3n vegetal \/ L\u00ednea de producci\u00f3n de briquetas de shisha. Flujo de trabajo de la m\u00e1quina de fabricaci\u00f3n de carb\u00f3n vegetal de aserr\u00edn: Horno de carbonizaci\u00f3n continuo - Trituradora - Transportador - M\u00e1quina de molienda y mezcla de carb\u00f3n vegetal - Transportador de tornillo - M\u00e1quina de briquetas de carb\u00f3n vegetal - Transportador de banda - M\u00e1quina secadora.<\/p>","protected":false},"author":1,"featured_media":0,"parent":0,"menu_order":0,"comment_status":"open","ping_status":"open","template":"","meta":{"_kad_blocks_custom_css":"","_kad_blocks_head_custom_js":"","_kad_blocks_body_custom_js":"","_kad_blocks_footer_custom_js":"","_kadence_starter_templates_imported_post":false,"_kad_post_transparent":"","_kad_post_title":"","_kad_post_layout":"","_kad_post_sidebar_id":"","_kad_post_content_style":"","_kad_post_vertical_padding":"","_kad_post_feature":"","_kad_post_feature_position":"","_kad_post_header":false,"_kad_post_footer":false,"_kad_post_classname":"","footnotes":""},"class_list":["post-49","page","type-page","status-publish","hentry"],"taxonomy_info":[],"featured_image_src_large":false,"author_info":{"display_name":"Lolita","author_link":"https:\/\/www.charcoal-machines.com\/es\/author\/admin"},"comment_info":6,"_links":{"self":[{"href":"https:\/\/www.charcoal-machines.com\/es\/wp-json\/wp\/v2\/pages\/49","targetHints":{"allow":["GET"]}}],"collection":[{"href":"https:\/\/www.charcoal-machines.com\/es\/wp-json\/wp\/v2\/pages"}],"about":[{"href":"https:\/\/www.charcoal-machines.com\/es\/wp-json\/wp\/v2\/types\/page"}],"author":[{"embeddable":true,"href":"https:\/\/www.charcoal-machines.com\/es\/wp-json\/wp\/v2\/users\/1"}],"replies":[{"embeddable":true,"href":"https:\/\/www.charcoal-machines.com\/es\/wp-json\/wp\/v2\/comments?post=49"}],"version-history":[{"count":0,"href":"https:\/\/www.charcoal-machines.com\/es\/wp-json\/wp\/v2\/pages\/49\/revisions"}],"wp:attachment":[{"href":"https:\/\/www.charcoal-machines.com\/es\/wp-json\/wp\/v2\/media?parent=49"}],"curies":[{"name":"wp","href":"https:\/\/api.w.org\/{rel}","templated":true}]}}