{"id":47,"date":"2018-08-22T02:47:46","date_gmt":"2018-08-22T02:47:46","guid":{"rendered":"http:\/\/www.charcoal-machines.com\/?page_id=47"},"modified":"2024-09-19T16:39:38","modified_gmt":"2024-09-19T08:39:38","slug":"sawdust-charcoal-briquette-production-line","status":"publish","type":"page","link":"https:\/\/www.charcoal-machines.com\/es\/sawdust-charcoal-briquette-production-line","title":{"rendered":"L\u00ednea de producci\u00f3n de briquetas de carb\u00f3n de aserr\u00edn"},"content":{"rendered":"<p class=\"translation-block\"><strong>L\u00ednea de producci\u00f3n de briquetas de carb\u00f3n\/M\u00e1quina para fabricar briquetas de carb\u00f3n\/l\u00ednea de producci\u00f3n de carb\u00f3n<\/strong><\/p> <div class=\"col-md-12\"><img decoding=\"async\" class=\"alignnone size-full wp-image-267\" src=\"http:\/\/www.charcoal-machines.com\/wp-content\/uploads\/2018\/08\/Charcoal-briquette-production-line1.jpg\" alt=\"L\u00ednea de producci\u00f3n de briquetas de carb\u00f3n\" width=\"100%\" srcset=\"https:\/\/www.charcoal-machines.com\/wp-content\/uploads\/2018\/08\/Charcoal-briquette-production-line1.jpg 1200w, https:\/\/www.charcoal-machines.com\/wp-content\/uploads\/2018\/08\/Charcoal-briquette-production-line1-300x130.jpg 300w, https:\/\/www.charcoal-machines.com\/wp-content\/uploads\/2018\/08\/Charcoal-briquette-production-line1-768x332.jpg 768w, https:\/\/www.charcoal-machines.com\/wp-content\/uploads\/2018\/08\/Charcoal-briquette-production-line1-1024x443.jpg 1024w\" sizes=\"(max-width: 1200px) 100vw, 1200px\" \/><\/div> <p class=\"translation-block\"><strong><b>Flujo de trabajo:<\/b><\/strong><br \/> trituradora de madera-transportador-m\u00e1quina secadora-transportador-m\u00e1quina alimentadora autom\u00e1tica de serr\u00edn-m\u00e1quina de briquetas de carb\u00f3n-transportador de malla-horno de carbonizaci\u00f3n<\/p> <p class=\"translation-block\"><strong><b>Descripci\u00f3n:<\/b><\/strong><\/p> <p class=\"translation-block\"><strong><b>\u00a0 \u00a0 <a href=\"http:\/\/www.charcoal-machines.com\/es\/wood-crusher.html\">\u00a0trituradora de madera<\/a>:<\/b><\/strong><\/p> <p class=\"translation-block\">La trituradora es adecuada para triturar madera cruda con un tama\u00f1o inferior a 200 mm (de di\u00e1metro). Despu\u00e9s de moler, el tama\u00f1o de salida puede alcanzar un di\u00e1metro de 3-5 mm, lo que es adecuado para procesamiento adicional, m\u00e1s adecuado para la <strong><b>l\u00ednea de producci\u00f3n de briquetas de carb\u00f3n de serr\u00edn.<\/b><\/strong><\/p> <ul> <li><b><\/b><strong><b>Transportador de tornillo<\/b><\/strong>Se utiliza para transferir el polvo al secador. Tambi\u00e9n puedes usar mano de obra en lugar de esta m\u00e1quina.<\/li> <li><b><\/b><strong><b>Secador de aserr\u00edn:<\/b><\/strong>Si la humedad del polvo es superior al 12%. Entonces puedes usar esta m\u00e1quina. Esta m\u00e1quina se utiliza para secar el polvo al 8%-12% para un buen funcionamiento de <strong><b>m\u00e1quina de briquetas de carb\u00f3n de aserr\u00edn.<\/b><\/strong><\/li> <li><b><\/b><strong><b>M\u00e1quina de alimentaci\u00f3n autom\u00e1tica y m\u00e1quina de briquetas:<\/b><\/strong>Se utiliza para distribuir el polvo y convertir el polvo en briquetas. La humedad del polvo debe estar entre el 8% y el 12% para un buen funcionamiento. Esta m\u00e1quina puede hacer el <strong><b>l\u00ednea de producci\u00f3n de briquetas de carb\u00f3n de aserr\u00edn<\/b><\/strong><b><\/b>m\u00e1s autom\u00e1tica y de alta eficiencia.<\/li> <li><b><\/b><strong><b>Transportador de cinta de malla:<\/b><\/strong>Esta m\u00e1quina es para los briquetas de aserr\u00edn, las briquetas est\u00e1n calientes despu\u00e9s de ser producidas por la m\u00e1quina, es mejor usar un transportador para enfriar y transportar. Las briquetas de aserr\u00edn est\u00e1n muy calientes. <strong><b>m\u00e1quina de briquetas de carb\u00f3n de aserr\u00edn<\/b><\/strong>, esta m\u00e1quina puede evitar que las personas se quemen.<\/li> <div class=\"video-responsive\"><iframe loading=\"lazy\" width=\"560\" height=\"315\" src=\"https:\/\/www.youtube.com\/embed\/xhR8-BHiw-Q\" frameborder=\"0\" allow=\"accelerometer; autoplay; encrypted-media; gyroscope; picture-in-picture\" allowfullscreen=\"\"><\/iframe><\/div> <li><b><\/b><strong><b><a href=\"http:\/\/www.charcoal-machines.com\/es\/continuous-carbonization-furnace.html\">horno de carbonizaci\u00f3n<\/a>:<\/b><\/strong>Incluye la sala de calefacci\u00f3n (para calentar la estufa), el cuerpo del horno y la capa de retenci\u00f3n de calor (est\u00e1 hecha de material aislante t\u00e9rmico, utilizado para mantener el calor). Consiste en el cuerpo del tanque de la estufa y la tapa superior sellada. Ambos est\u00e1n hechos de acero t\u00e9rmico resistente al calor. Un conjunto de estufa exterior incluye dos o tres cestas de carbonizaci\u00f3n, y los di\u00e1metros son 1550 mm, 1460 mm y 1430 mm, y las tres cestas de carbonizaci\u00f3n se pueden apilar juntas, lo que facilita la carga y el transporte, y ahorrar\u00e1 mucho espacio y costos de transporte.<\/li> <\/ul>","protected":false},"excerpt":{"rendered":"<p>L\u00ednea de producci\u00f3n de briquetas de carb\u00f3n \/ M\u00e1quina para hacer briquetas de carb\u00f3n \/ L\u00ednea de producci\u00f3n de carb\u00f3n Flujo de trabajo: trituradora de madera - transportador - m\u00e1quina secadora - transportador - m\u00e1quina de alimentaci\u00f3n autom\u00e1tica de aserr\u00edn - m\u00e1quina de briquetas de carb\u00f3n - transportador de malla - horno de carbonizaci\u00f3n Descripci\u00f3n: trituradora de madera: La trituradora es adecuada para triturar madera cruda con un tama\u00f1o menor a 200 mm (di\u00e1metro). Despu\u00e9s de ser molida, el tama\u00f1o de salida puede alcanzar un di\u00e1metro de 3-5 mm, lo que es adecuado para un procesamiento posterior, m\u00e1s...<\/p>","protected":false},"author":1,"featured_media":0,"parent":0,"menu_order":0,"comment_status":"open","ping_status":"closed","template":"","meta":{"_kad_blocks_custom_css":"","_kad_blocks_head_custom_js":"","_kad_blocks_body_custom_js":"","_kad_blocks_footer_custom_js":"","_kadence_starter_templates_imported_post":false,"_kad_post_transparent":"","_kad_post_title":"","_kad_post_layout":"","_kad_post_sidebar_id":"","_kad_post_content_style":"","_kad_post_vertical_padding":"","_kad_post_feature":"","_kad_post_feature_position":"","_kad_post_header":false,"_kad_post_footer":false,"_kad_post_classname":"","footnotes":""},"class_list":["post-47","page","type-page","status-publish","hentry"],"taxonomy_info":[],"featured_image_src_large":false,"author_info":{"display_name":"Lolita","author_link":"https:\/\/www.charcoal-machines.com\/es\/author\/admin"},"comment_info":3,"_links":{"self":[{"href":"https:\/\/www.charcoal-machines.com\/es\/wp-json\/wp\/v2\/pages\/47","targetHints":{"allow":["GET"]}}],"collection":[{"href":"https:\/\/www.charcoal-machines.com\/es\/wp-json\/wp\/v2\/pages"}],"about":[{"href":"https:\/\/www.charcoal-machines.com\/es\/wp-json\/wp\/v2\/types\/page"}],"author":[{"embeddable":true,"href":"https:\/\/www.charcoal-machines.com\/es\/wp-json\/wp\/v2\/users\/1"}],"replies":[{"embeddable":true,"href":"https:\/\/www.charcoal-machines.com\/es\/wp-json\/wp\/v2\/comments?post=47"}],"version-history":[{"count":0,"href":"https:\/\/www.charcoal-machines.com\/es\/wp-json\/wp\/v2\/pages\/47\/revisions"}],"wp:attachment":[{"href":"https:\/\/www.charcoal-machines.com\/es\/wp-json\/wp\/v2\/media?parent=47"}],"curies":[{"name":"wp","href":"https:\/\/api.w.org\/{rel}","templated":true}]}}