{"id":7,"date":"2018-08-16T01:42:55","date_gmt":"2018-08-16T01:42:55","guid":{"rendered":"http:\/\/www.charcoal-machines.com\/?page_id=7"},"modified":"2021-04-16T09:33:14","modified_gmt":"2021-04-16T01:33:14","slug":"about-us","status":"publish","type":"page","link":"https:\/\/www.charcoal-machines.com\/de\/about-us","title":{"rendered":"\u00dcber uns"},"content":{"rendered":"<p class=\"translation-block\"><strong>Unser Standort des Unternehmens<\/strong><\/p> <p>Die Zhengzhou Shuliy Machinery Co., Ltd ist ein bekanntes Unternehmen, das wissenschaftliche Forschung, Entwicklung, Design, Herstellung und Vertrieb als Ganzes integriert. Es befindet sich in der wirtschaftlichen und technologischen Entwicklungszone von Zhengzhou, die ein Handels- und Wirtschaftszentrum ist und haupts\u00e4chlich im Import und Export von Maschinenbauger\u00e4ten t\u00e4tig ist. Hier sind mehr als 300 Mitarbeiter besch\u00e4ftigt, die alle mit der Freude arbeiten, wie eine Familie.<\/p> <div class=\"col-md-12\"><img decoding=\"async\" class=\"alignnone size-full wp-image-235\" src=\"http:\/\/www.charcoal-machines.com\/wp-content\/uploads\/2018\/08\/aboutus.jpg\" alt=\"\u00fcber uns\" width=\"100%\" srcset=\"https:\/\/www.charcoal-machines.com\/wp-content\/uploads\/2018\/08\/aboutus.jpg 1200w, https:\/\/www.charcoal-machines.com\/wp-content\/uploads\/2018\/08\/aboutus-300x125.jpg 300w, https:\/\/www.charcoal-machines.com\/wp-content\/uploads\/2018\/08\/aboutus-768x320.jpg 768w, https:\/\/www.charcoal-machines.com\/wp-content\/uploads\/2018\/08\/aboutus-1024x427.jpg 1024w\" sizes=\"(max-width: 1200px) 100vw, 1200px\" \/><\/div> <p class=\"translation-block\"><strong><b>Unsere Hauptprodukte und Markt<\/b><\/strong><\/p> <p>Unsere Hauptprodukte umfassen den Holzzerkleinerer, den Rotations-Trockner, den Luftstromtrockner, die S\u00e4gemehlbrikettmaschine, den kontinuierlichen Karbonisierungsofen, den Karbonisierungsofen, die Kohle- und Holzkohle-Extrusionsmaschine, die Radschleifmaschine, den Holzkohlezerkleinerer usw. In den letzten Jahren haben unsere Produkte in Afrika und dem s\u00fcdostasiatischen Markt, wie Nigeria, Kenia, S\u00fcdafrika, Ghana, Kongo, \u00c4thiopien, Namibia, Marokko, Botswana, Simbabwe, Uganda, Algerien und Kamerun, gro\u00dfe Beliebtheit erlangt.<\/p> <p class=\"translation-block\"><strong>Unsere F&amp;F-F\u00e4higkeiten<\/strong><\/p> <p>Wir glauben fest daran, dass Technologie die prim\u00e4re Produktivkraft ist. Geleitet von diesem Konzept haben wir gro\u00dfe Investitionen in die Einstellung vieler herausragender Maschinenbau-Experten als unsere Berater get\u00e4tigt, sodass wir \u00fcber hervorragende F\u00e4higkeiten zur Forschung und Entwicklung neuer Produkte sowie zur Verbesserung der Qualit\u00e4t traditioneller Maschinen verf\u00fcgen.<\/p> <p class=\"translation-block\"><strong>Unsere QC und Service<\/strong><\/p> <p>Wir streben immer nach Exzellenz. Dank der gut ausgebildeten Arbeitskr\u00e4fte, des strengen Qualit\u00e4tssicherungssystems, des optimierten Managements des gesamten Produktionsprozesses und der perfekten After-Sales-Service-Systeme werden unsere Produkte und Dienstleistungen von in- und ausl\u00e4ndischen Kunden hoch gelobt. Basierend auf dem Prinzip der qualit\u00e4tsorientierten, guten Reputation und Kundenorientierung halten wir den Glauben, hochwertige Produkte in den relevanten Branchen zu schaffen und \u00fcber Generationen hinweg hervorragende Leistungen zu erbringen. Wir sind sehr engagiert, Produkte von Premium-Qualit\u00e4t und zufriedenstellenden Service f\u00fcr alle Kunden bereitzustellen und freuen uns auf eine aufrichtige Zusammenarbeit mit ihnen f\u00fcr eine strahlende Zukunft. Unser Unternehmen hat sich zum Ziel gesetzt, in der Praxis zu innovieren und eine zuverl\u00e4ssige Garantie vom Produktionsprozess bis zum Verkauf zu bieten. Unser Qualit\u00e4tsversprechen l\u00e4sst sich auf ein einziges Wort reduzieren \u2013 Engagement \u2013 f\u00fcr die Landwirtschaft, die Landwirte und die Produktverbraucher, das wir jeden Tag zu erf\u00fcllen versuchen.<\/p> <p class=\"translation-block\"><strong>Unsere Ziele f\u00fcr Afrika<\/strong><\/p> <p>Seit der Gr\u00fcndung der Volksrepublik China im Jahr 1949 hat die Landwirtschaft immer gro\u00dfe Aufmerksamkeit erhalten. Heutzutage ist China eines der gr\u00f6\u00dften Agrarl\u00e4nder der Welt. Die chinesische Regierung ruft in den letzten Jahren chinesische Unternehmen auf, die Entwicklung Afrikas zu unterst\u00fctzen und zu f\u00f6rdern. Als einer der professionellsten Agrarzulieferer in China hat unser Unternehmen viel Erfahrung mit Agrarmaschinen gesammelt und verf\u00fcgt \u00fcber fortschrittliche Technologien, die wir in den letzten 70 Jahren entwickelt haben. Wir reagieren positiv auf die Politik der Regierung und nehmen an Ausstellungen teil, untersuchen den afrikanischen Markt und bieten unsere Agrarmaschinen zu niedrigen Preisen und in hoher Qualit\u00e4t an. Wir werden unser urspr\u00fcngliches Ziel beibehalten, den Landwirten zu helfen, mehr Getreide zu ernten und die Probleme der Ern\u00e4hrung und Landwirtschaft zu l\u00f6sen. Wir lieben die Welt und den Frieden und streben danach, gemeinsam mit afrikanischen Freunden Anstrengungen zu vereinen, um ein sch\u00f6nes Leben zu schaffen.<\/p>","protected":false},"excerpt":{"rendered":"<p>Unser Unternehmensstandort Zhengzhou Shuliy Machinery Co., Ltd ist ein bekanntes Unternehmen, das wissenschaftliche Forschung, Entwicklung, Design, Herstellung und Vertrieb als Ganzes integriert. Es befindet sich in der Zhengzhou Wirtschafts- und Technologischen Entwicklungszone, die ein Handels- und Wirtschaftszentrum ist und haupts\u00e4chlich mit dem Import und Export von Maschinenanlagen besch\u00e4ftigt ist. Hier ist ausgestattet mit\u2026<\/p>","protected":false},"author":1,"featured_media":0,"parent":0,"menu_order":0,"comment_status":"open","ping_status":"closed","template":"","meta":{"_kad_blocks_custom_css":"","_kad_blocks_head_custom_js":"","_kad_blocks_body_custom_js":"","_kad_blocks_footer_custom_js":"","_kadence_starter_templates_imported_post":false,"_kad_post_transparent":"","_kad_post_title":"","_kad_post_layout":"","_kad_post_sidebar_id":"","_kad_post_content_style":"","_kad_post_vertical_padding":"","_kad_post_feature":"","_kad_post_feature_position":"","_kad_post_header":false,"_kad_post_footer":false,"_kad_post_classname":"","footnotes":""},"class_list":["post-7","page","type-page","status-publish","hentry"],"taxonomy_info":[],"featured_image_src_large":false,"author_info":{"display_name":"Lolita","author_link":"https:\/\/www.charcoal-machines.com\/de\/author\/admin"},"comment_info":0,"_links":{"self":[{"href":"https:\/\/www.charcoal-machines.com\/de\/wp-json\/wp\/v2\/pages\/7","targetHints":{"allow":["GET"]}}],"collection":[{"href":"https:\/\/www.charcoal-machines.com\/de\/wp-json\/wp\/v2\/pages"}],"about":[{"href":"https:\/\/www.charcoal-machines.com\/de\/wp-json\/wp\/v2\/types\/page"}],"author":[{"embeddable":true,"href":"https:\/\/www.charcoal-machines.com\/de\/wp-json\/wp\/v2\/users\/1"}],"replies":[{"embeddable":true,"href":"https:\/\/www.charcoal-machines.com\/de\/wp-json\/wp\/v2\/comments?post=7"}],"version-history":[{"count":0,"href":"https:\/\/www.charcoal-machines.com\/de\/wp-json\/wp\/v2\/pages\/7\/revisions"}],"wp:attachment":[{"href":"https:\/\/www.charcoal-machines.com\/de\/wp-json\/wp\/v2\/media?parent=7"}],"curies":[{"name":"wp","href":"https:\/\/api.w.org\/{rel}","templated":true}]}}