{"id":49,"date":"2018-08-22T02:48:32","date_gmt":"2018-08-22T02:48:32","guid":{"rendered":"http:\/\/www.charcoal-machines.com\/?page_id=49"},"modified":"2022-12-07T10:55:22","modified_gmt":"2022-12-07T02:55:22","slug":"charcoal-briquette-production-line","status":"publish","type":"page","link":"https:\/\/www.charcoal-machines.com\/de\/charcoal-briquette-production-line","title":{"rendered":"Holzkohlebrikettherstellungslinie"},"content":{"rendered":"<p class=\"translation-block\"><strong>Produktionslinie f\u00fcr Holzkohlebriketts\/Produktionslinie f\u00fcr Holzkohlekugelbriketts\/Produktionslinie f\u00fcr Shisha-Briketts<\/strong><\/p>    <figure class=\"wp-block-image\"><img decoding=\"async\" src=\"http:\/\/www.charcoal-machines.com\/wp-content\/uploads\/2018\/09\/Charcoal.jpg\" alt=\"\" class=\"wp-image-266\"><\/figure>    <div class=\"col-md-12\"><\/div>    <p class=\"translation-block\"><strong><b>Arbeitsablauf der Holzkohleherstellungsmaschine aus S\u00e4gemehl:<\/b><\/strong><\/p>    <p class=\"translation-block\">Kontinuierlicher Karbonisierungsofen - Zerkleinerer - F\u00f6rderer - Holzkohle-Misch- und Mahlmaschine - Schneckenf\u00f6rderer - <a href=\"https:\/\/www.charcoal-machines.com\/de\/sawdust-charcoal-briquette-production-line\/\">Holzkohlebrikettmaschine<\/a> - Bandf\u00f6rderer - Trocknungsmaschine<\/p>    <ul class=\"wp-block-list\"> <li><strong><b>Kontinuierlicher Karbonisierungsofen<\/b><\/strong>-Wenn das kleine Rohmaterial Kokosnussschalen, S\u00e4gemehl, Reish\u00fclsen, Erdnussschalen, Stroh, Baumrinde, kleine Abfallh\u00f6lzer und andere Rohstoffe mit Biomassegehalt sind, kann diese Maschine verwendet werden, um sie zuerst in Holzkohle umzuwandeln. Die Rohmaterialgr\u00f6\u00dfe sollte unter 15 mm liegen. Dieser kontinuierliche Karbonisierungsofen ist rauchfrei, umweltfreundlich, kontinuierlich und hat eine gro\u00dfe Kapazit\u00e4t, die etwa 300-500 kg\/h produzieren kann. Diese Maschine ist der erste Schritt von <strong><b>Holzkohlebrikettherstellungslinie<\/b><\/strong><\/li>    <li>Der Zerkleinerer - diese Maschine zerkleinert die Holzkohle in kleine St\u00fccke oder Pulver und kann nach dem Zerkleinern mit einem Schneckenf\u00f6rderer ausgestattet werden.<\/li>    <li><strong><b>Schneckenf\u00f6rderer<\/b><\/strong>-der F\u00f6rderer kann das Holzkohlenpulver in die Holzkohlemahl- und Mischmaschine transportieren, was viel Arbeitskraft spart.<\/li>    <li><strong><b>Kohlemahl- und Mischmaschine<\/b><\/strong>-Das Holzkohlenpulver ist sehr leicht, diese Maschine kann das Holzkohlenpulver zu hoher Dichte mahlen und hat die Funktion des Mischens, kann das Bindemittel mit der Holzkohle mischen. Wenn das Rohmaterial Holzkohle ist, ist diese Maschine die notwendige Maschine daf\u00fcr. <strong><b>Holzkohlebrikett-Produktionslinie.<\/b><\/strong><\/li>    <li><strong><b>Schneckenf\u00f6rderer<\/b><\/strong>-diese Maschine transportiert das gemischte Rohmaterial in eine Brikettmaschine.<\/li>    <li><strong><b>Holzkohlebrikettmaschine<\/b><\/strong>-Diese Maschine dient dazu, Holzkohlepulver in Briketts zu verwandeln. Die Brikettform kann Holzkohleball, Holzkohleriegel, Wabenstein, Shisha-Holzkohlebriketts oder Holzkohlenw\u00fcrfel sein.<\/li>    <li><strong><b>Gurtf\u00f6rderer<\/b><\/strong>-diese Maschine transportiert die Holzkohle- oder Kohlenbriketts in einen Gitterbandtrockner.<\/li>    <li><strong><b>Trocknungsmaschine<\/b><\/strong>-Die Trocknungsmaschine kann die Holzkohlebriketts schnell trocknen, innen sind mehrere Schichten von Mesh-Band-Trocknern, wir k\u00f6nnen die Schichten und die L\u00e4nge nach den W\u00fcnschen des Kunden anpassen. In der <strong><b>Holzkohlebrikett-Produktionslinie<\/b><\/strong>, die Trocknungsmaschine ist nicht notwendig, der Kunde kann die Briketts auch in der Sonne trocknen.<\/li>    <li><\/li> <\/ul>   <div class=\"kk-star-ratings kksr-auto kksr-align-right kksr-valign-bottom\"     data-payload='{&quot;align&quot;:&quot;right&quot;,&quot;id&quot;:&quot;49&quot;,&quot;slug&quot;:&quot;default&quot;,&quot;valign&quot;:&quot;bottom&quot;,&quot;ignore&quot;:&quot;&quot;,&quot;reference&quot;:&quot;auto&quot;,&quot;class&quot;:&quot;&quot;,&quot;count&quot;:&quot;24&quot;,&quot;legendonly&quot;:&quot;&quot;,&quot;readonly&quot;:&quot;&quot;,&quot;score&quot;:&quot;5&quot;,&quot;starsonly&quot;:&quot;&quot;,&quot;best&quot;:&quot;5&quot;,&quot;gap&quot;:&quot;4&quot;,&quot;greet&quot;:&quot;Rate this page&quot;,&quot;legend&quot;:&quot;5\\\/5 - (24 votes)&quot;,&quot;size&quot;:&quot;24&quot;,&quot;title&quot;:&quot;Charcoal briquette production line&quot;,&quot;width&quot;:&quot;138&quot;,&quot;_legend&quot;:&quot;{score}\\\/{best} - ({count} {votes})&quot;,&quot;font_factor&quot;:&quot;1.25&quot;}'>              <div class=\"kksr-stars\">      <div class=\"kksr-stars-inactive\">             <div class=\"kksr-star\" data-star=\"1\" style=\"padding-right: 4px\">               <div class=\"kksr-icon\" style=\"width: 24px; height: 24px;\"><\/div>         <\/div>             <div class=\"kksr-star\" data-star=\"2\" style=\"padding-right: 4px\">               <div class=\"kksr-icon\" style=\"width: 24px; height: 24px;\"><\/div>         <\/div>             <div class=\"kksr-star\" data-star=\"3\" style=\"padding-right: 4px\">               <div class=\"kksr-icon\" style=\"width: 24px; height: 24px;\"><\/div>         <\/div>             <div class=\"kksr-star\" data-star=\"4\" style=\"padding-right: 4px\">               <div class=\"kksr-icon\" style=\"width: 24px; height: 24px;\"><\/div>         <\/div>             <div class=\"kksr-star\" data-star=\"5\" style=\"padding-right: 4px\">               <div class=\"kksr-icon\" style=\"width: 24px; height: 24px;\"><\/div>         <\/div>     <\/div>      <div class=\"kksr-stars-active\" style=\"width: 138px;\">             <div class=\"kksr-star\" style=\"padding-right: 4px\">               <div class=\"kksr-icon\" style=\"width: 24px; height: 24px;\"><\/div>         <\/div>             <div class=\"kksr-star\" style=\"padding-right: 4px\">               <div class=\"kksr-icon\" style=\"width: 24px; height: 24px;\"><\/div>         <\/div>             <div class=\"kksr-star\" style=\"padding-right: 4px\">               <div class=\"kksr-icon\" style=\"width: 24px; height: 24px;\"><\/div>         <\/div>             <div class=\"kksr-star\" style=\"padding-right: 4px\">               <div class=\"kksr-icon\" style=\"width: 24px; height: 24px;\"><\/div>         <\/div>             <div class=\"kksr-star\" style=\"padding-right: 4px\">               <div class=\"kksr-icon\" style=\"width: 24px; height: 24px;\"><\/div>         <\/div>     <\/div> <\/div>                   <div class=\"kksr-legend\" style=\"font-size: 19.2px;\">             5\/5 - (24 Stimmen)    <\/div>     <\/div>","protected":false},"excerpt":{"rendered":"<p>Produktionslinie f\u00fcr Holzkohlebriketts\/Produktionslinie f\u00fcr Holzkohle-Kugelbriketts\/Produktionslinie f\u00fcr Shisha-Briketts Arbeitsablauf der S\u00e4gemehl-Holzkohleherstellungsmaschine: Kontinuierlicher Verkohlungsofen-Brecher-F\u00f6rderer-Holzkohlemahl- und Mischmaschine-Schneckenf\u00f6rderer-Holzkohlebrikettiermaschine-Bandf\u00f6rderer-Trockner<\/p>","protected":false},"author":1,"featured_media":0,"parent":0,"menu_order":0,"comment_status":"open","ping_status":"open","template":"","meta":{"_kad_blocks_custom_css":"","_kad_blocks_head_custom_js":"","_kad_blocks_body_custom_js":"","_kad_blocks_footer_custom_js":"","_kadence_starter_templates_imported_post":false,"_kad_post_transparent":"","_kad_post_title":"","_kad_post_layout":"","_kad_post_sidebar_id":"","_kad_post_content_style":"","_kad_post_vertical_padding":"","_kad_post_feature":"","_kad_post_feature_position":"","_kad_post_header":false,"_kad_post_footer":false,"_kad_post_classname":"","footnotes":""},"class_list":["post-49","page","type-page","status-publish","hentry"],"taxonomy_info":[],"featured_image_src_large":false,"author_info":{"display_name":"Lolita","author_link":"https:\/\/www.charcoal-machines.com\/de\/author\/admin"},"comment_info":6,"_links":{"self":[{"href":"https:\/\/www.charcoal-machines.com\/de\/wp-json\/wp\/v2\/pages\/49","targetHints":{"allow":["GET"]}}],"collection":[{"href":"https:\/\/www.charcoal-machines.com\/de\/wp-json\/wp\/v2\/pages"}],"about":[{"href":"https:\/\/www.charcoal-machines.com\/de\/wp-json\/wp\/v2\/types\/page"}],"author":[{"embeddable":true,"href":"https:\/\/www.charcoal-machines.com\/de\/wp-json\/wp\/v2\/users\/1"}],"replies":[{"embeddable":true,"href":"https:\/\/www.charcoal-machines.com\/de\/wp-json\/wp\/v2\/comments?post=49"}],"version-history":[{"count":0,"href":"https:\/\/www.charcoal-machines.com\/de\/wp-json\/wp\/v2\/pages\/49\/revisions"}],"wp:attachment":[{"href":"https:\/\/www.charcoal-machines.com\/de\/wp-json\/wp\/v2\/media?parent=49"}],"curies":[{"name":"wp","href":"https:\/\/api.w.org\/{rel}","templated":true}]}}