{"id":47,"date":"2018-08-22T02:47:46","date_gmt":"2018-08-22T02:47:46","guid":{"rendered":"http:\/\/www.charcoal-machines.com\/?page_id=47"},"modified":"2024-09-19T16:39:38","modified_gmt":"2024-09-19T08:39:38","slug":"sawdust-charcoal-briquette-production-line","status":"publish","type":"page","link":"https:\/\/www.charcoal-machines.com\/de\/sawdust-charcoal-briquette-production-line","title":{"rendered":"S\u00e4gemehl-Kohlebrikett-Produktionslinie"},"content":{"rendered":"<p class=\"translation-block\"><strong>Produktionslinie f\u00fcr Holzkohlebriketts\/Maschine zur Herstellung von Holzkohlebriketts\/Holzkohleproduktionslinie<\/strong><\/p> <div class=\"col-md-12\"><img decoding=\"async\" class=\"alignnone size-full wp-image-267\" src=\"http:\/\/www.charcoal-machines.com\/wp-content\/uploads\/2018\/08\/Charcoal-briquette-production-line1.jpg\" alt=\"Holzkohlebrikettherstellungslinie\" width=\"100%\" srcset=\"https:\/\/www.charcoal-machines.com\/wp-content\/uploads\/2018\/08\/Charcoal-briquette-production-line1.jpg 1200w, https:\/\/www.charcoal-machines.com\/wp-content\/uploads\/2018\/08\/Charcoal-briquette-production-line1-300x130.jpg 300w, https:\/\/www.charcoal-machines.com\/wp-content\/uploads\/2018\/08\/Charcoal-briquette-production-line1-768x332.jpg 768w, https:\/\/www.charcoal-machines.com\/wp-content\/uploads\/2018\/08\/Charcoal-briquette-production-line1-1024x443.jpg 1024w\" sizes=\"(max-width: 1200px) 100vw, 1200px\" \/><\/div> <p class=\"translation-block\"><strong><b>Arbeitsablauf:<\/b><\/strong><br \/> Holzh\u00e4cksler-F\u00f6rderer-Trocknungsmaschine-F\u00f6rderer-automatische S\u00e4gemehlzuf\u00fchrmaschine-Holzkohlebrikettmaschine-Netzf\u00f6rderer-Karbonisierungsofen<\/p> <p class=\"translation-block\"><strong><b>Beschreibung:<\/b><\/strong><\/p> <p class=\"translation-block\"><strong><b>\u00a0 \u00a0 <a href=\"http:\/\/www.charcoal-machines.com\/de\/wood-crusher.html\">\u00a0Holzh\u00e4cksler:<\/b><\/strong><\/p> <p class=\"translation-block\">Der H\u00e4cksler ist f\u00fcr das Zerkleinern von Rohholz mit einer Gr\u00f6\u00dfe von weniger als 200 mm (Durchmesser) geeignet. Nach dem Mahlen kann die Ausgabegr\u00f6\u00dfe einen Durchmesser von 3-5 mm erreichen, was f\u00fcr die Weiterverarbeitung geeignet ist, besser geeignet f\u00fcr die <strong><b>Produktionslinie f\u00fcr S\u00e4gemehl-Holzkohlebriketts.<\/b><\/strong><\/p> <ul> <li><b><\/b><strong><b>Schneckenf\u00f6rderer<\/b><\/strong>:Es wird verwendet, um das Pulver zum Trockner zu transportieren. Sie k\u00f6nnen auch manuelle Arbeit anstelle dieser Maschine verwenden.<\/li> <li><b><\/b><strong><b>S\u00e4gemehl-Trockner:<\/b><\/strong>Wenn der Feuchtigkeitsgehalt des Pulvers mehr als 12 % betr\u00e4gt, k\u00f6nnen Sie diese Maschine verwenden. Diese Maschine wird verwendet, um das Pulver auf 8 % - 12 % zu trocknen, um ein gutes Arbeiten zu gew\u00e4hrleisten. <strong><b>S\u00e4gemehl-Holzkohlebrikettmaschine.<\/b><\/strong><\/li> <li><b><\/b><strong><b>Automatische Zuf\u00fchrmaschine und Brikettmaschine:<\/b><\/strong>Es wird verwendet, um das Pulver zu verteilen und das Pulver zu Briketts zu verarbeiten. Der Feuchtigkeitsgehalt des Pulvers sollte f\u00fcr eine gute Funktion zwischen 8-12% liegen. Diese Maschine kann das <strong><b>S\u00e4gemehlkohlebrikett-Produktionslinie<\/b><\/strong><b><\/b>mehr automatisiert und effizienter.<\/li> <li><b><\/b><strong><b>Gitterbandf\u00f6rderer:<\/b><\/strong>Diese Maschine ist f\u00fcr die S\u00e4gemehlbriketts, die Briketts sind hei\u00df, nachdem sie aus der Maschine produziert wurden. Es ist besser, ein F\u00f6rderband zum K\u00fchlen und F\u00f6rdern zu verwenden. Die S\u00e4gemehlbriketts sind sehr hei\u00df von der <strong><b>S\u00e4gemehlkohlebrikettmaschine<\/b><\/strong>, diese Maschine kann verhindern, dass der Mensch sich verbrennt.<\/li> <div class=\"video-responsive\"><iframe loading=\"lazy\" width=\"560\" height=\"315\" src=\"https:\/\/www.youtube.com\/embed\/xhR8-BHiw-Q\" frameborder=\"0\" allow=\"accelerometer; autoplay; encrypted-media; gyroscope; picture-in-picture\" allowfullscreen=\"\"><\/iframe><\/div> <li><b><\/b><strong><b><a href=\"http:\/\/www.charcoal-machines.com\/de\/continuous-carbonization-furnace.html\">Kohlenstoffisierungsofen<\/a>:<\/b><\/strong>Beinhaltet den Heizraum (zum Heizen des Ofens), den Ofenk\u00f6rper und die w\u00e4rmeisolierende Schicht (sie besteht aus dem w\u00e4rmeisolierenden Material, das zum Halten der W\u00e4rme verwendet wird). Besteht aus dem Ofentankk\u00f6rper und dem versiegelten Oberdeckel. Beide bestehen aus hitzebest\u00e4ndigem Stahl. Ein Set des \u00e4u\u00dferen Ofens umfasst zwei oder drei Karbonisierungsbeh\u00e4lter, deren Durchmesser 1550 mm, 1460 mm und 1430 mm betr\u00e4gt. Die drei Karbonisierungsbeh\u00e4lter k\u00f6nnen \u00fcbereinander gestapelt werden, was das Laden und den Transport erleichtert und viel Platz sowie Transportkosten spart.<\/li> <\/ul>","protected":false},"excerpt":{"rendered":"<p>Holzkohlebrikett-Produktionslinie\/Charcoal briquette making machine\/charcoal production line Arbeitsablauf: Holzhacker-F\u00f6rderband-Trockner-Maschine-F\u00f6rderband-automatische S\u00e4gemehlzuf\u00fchrmaschine-Holzkohlebrikettmaschine-Netzf\u00f6rderer-Karbonisierungsofen Beschreibung:      Holzhacker: Der Zerkleinerer eignet sich zum Zerkleinern von Rohholz mit einer Gr\u00f6\u00dfe von weniger als 200mm (Durchmesser). Nach dem Mahlen kann die Ausgabek\u00f6rnigkeit einen Durchmesser von 3-5mm erreichen, was f\u00fcr die Weiterverarbeitung geeignet ist, mehr\u2026<\/p>","protected":false},"author":1,"featured_media":0,"parent":0,"menu_order":0,"comment_status":"open","ping_status":"closed","template":"","meta":{"_kad_blocks_custom_css":"","_kad_blocks_head_custom_js":"","_kad_blocks_body_custom_js":"","_kad_blocks_footer_custom_js":"","_kadence_starter_templates_imported_post":false,"_kad_post_transparent":"","_kad_post_title":"","_kad_post_layout":"","_kad_post_sidebar_id":"","_kad_post_content_style":"","_kad_post_vertical_padding":"","_kad_post_feature":"","_kad_post_feature_position":"","_kad_post_header":false,"_kad_post_footer":false,"_kad_post_classname":"","footnotes":""},"class_list":["post-47","page","type-page","status-publish","hentry"],"taxonomy_info":[],"featured_image_src_large":false,"author_info":{"display_name":"Lolita","author_link":"https:\/\/www.charcoal-machines.com\/de\/author\/admin"},"comment_info":3,"_links":{"self":[{"href":"https:\/\/www.charcoal-machines.com\/de\/wp-json\/wp\/v2\/pages\/47","targetHints":{"allow":["GET"]}}],"collection":[{"href":"https:\/\/www.charcoal-machines.com\/de\/wp-json\/wp\/v2\/pages"}],"about":[{"href":"https:\/\/www.charcoal-machines.com\/de\/wp-json\/wp\/v2\/types\/page"}],"author":[{"embeddable":true,"href":"https:\/\/www.charcoal-machines.com\/de\/wp-json\/wp\/v2\/users\/1"}],"replies":[{"embeddable":true,"href":"https:\/\/www.charcoal-machines.com\/de\/wp-json\/wp\/v2\/comments?post=47"}],"version-history":[{"count":0,"href":"https:\/\/www.charcoal-machines.com\/de\/wp-json\/wp\/v2\/pages\/47\/revisions"}],"wp:attachment":[{"href":"https:\/\/www.charcoal-machines.com\/de\/wp-json\/wp\/v2\/media?parent=47"}],"curies":[{"name":"wp","href":"https:\/\/api.w.org\/{rel}","templated":true}]}}